{"id":724,"date":"2018-07-25T12:26:03","date_gmt":"2018-07-25T16:26:03","guid":{"rendered":"http:\/\/cvbussales.com\/?page_id=724"},"modified":"2018-07-25T12:26:03","modified_gmt":"2018-07-25T16:26:03","slug":"404-2","status":"publish","type":"page","link":"https:\/\/cvbussales.com\/fr\/404-2\/","title":{"rendered":"404"},"content":{"rendered":"<div class=\"wpb-content-wrapper\">[vc_row full_width=\u00a0\u00bbstretch_row\u00a0\u00bb full_height=\u00a0\u00bbyes\u00a0\u00bb el_class=\u00a0\u00bbpageHeader pageHeader&#8211;404&Prime;][vc_column][vc_column_text]\n<h1>Il n&rsquo;y a rien ici<\/h1>\n<p>Nous sommes d\u00e9sol\u00e9s, mais cette page n&rsquo;existe pas. Veuillez v\u00e9rifier votre URL ou utiliser les liens de navigation pour revenir sur le site.[\/vc_column_text][vc_btn title=\u00a0\u00bbRetourner\u00a0\u00bb style=\u00a0\u00bbflat\u00a0\u00bb color=\u00a0\u00bbwhite\u00a0\u00bb size=\u00a0\u00bblg\u00a0\u00bb align=\u00a0\u00bbcenter\u00a0\u00bb i_align=\u00a0\u00bbright\u00a0\u00bb i_icon_fontawesome=\u00a0\u00bbfa fa-long-arrow-right\u00a0\u00bb add_icon=\u00a0\u00bbtrue\u00a0\u00bb link=\u00a0\u00bburl:https%3A%2F%2Fcvbussales.com%2Ffr%2F|||\u00a0\u00bb][\/vc_column][\/vc_row]\n<\/div>","protected":false},"excerpt":{"rendered":"<p>[vc_row full_width=\u00a0\u00bbstretch_row\u00a0\u00bb full_height=\u00a0\u00bbyes\u00a0\u00bb el_class=\u00a0\u00bbpageHeader pageHeader&#8211;404&Prime;][vc_column][vc_column_text] Il n&rsquo;y a rien ici Nous sommes d\u00e9sol\u00e9s, mais cette page n&rsquo;existe pas. Veuillez v\u00e9rifier votre URL ou utiliser &#8230; <\/p>\n<div><a href=\"https:\/\/cvbussales.com\/fr\/404-2\/\" class=\"more-link\">Read More<\/a><\/div>\n","protected":false},"author":1,"featured_media":0,"parent":0,"menu_order":0,"comment_status":"closed","ping_status":"closed","template":"template-blank-1.php","meta":{"_acf_changed":false,"inline_featured_image":false,"footnotes":""},"class_list":["post-724","page","type-page","status-publish","hentry","no-post-thumbnail"],"acf":[],"yoast_head":"<!-- This site is optimized with the Yoast SEO plugin v27.3 - https:\/\/yoast.com\/product\/yoast-seo-wordpress\/ -->\n<title>404 &#183; City View Bus Sales &amp; Service<\/title>\n<meta name=\"robots\" content=\"index, follow, max-snippet:-1, max-image-preview:large, max-video-preview:-1\" \/>\n<link rel=\"canonical\" href=\"https:\/\/cvbussales.com\/fr\/404-2\/\" \/>\n<meta property=\"og:locale\" content=\"fr_FR\" \/>\n<meta property=\"og:type\" content=\"article\" \/>\n<meta property=\"og:title\" content=\"404 &#183; City View Bus Sales &amp; Service\" \/>\n<meta property=\"og:description\" content=\"[vc_row full_width=\u00a0\u00bbstretch_row\u00a0\u00bb full_height=\u00a0\u00bbyes\u00a0\u00bb el_class=\u00a0\u00bbpageHeader pageHeader&#8211;404&Prime;][vc_column][vc_column_text] Il n&rsquo;y a rien ici Nous sommes d\u00e9sol\u00e9s, mais cette page n&rsquo;existe pas. Veuillez v\u00e9rifier votre URL ou utiliser ... Read More\" \/>\n<meta property=\"og:url\" content=\"https:\/\/cvbussales.com\/fr\/404-2\/\" \/>\n<meta property=\"og:site_name\" content=\"City View Bus Sales &amp; Service\" \/>\n<meta property=\"og:image\" content=\"https:\/\/cvbussales.com\/wp-content\/uploads\/2018\/07\/cvbs-opengraph.jpg\" \/>\n\t<meta property=\"og:image:width\" content=\"1200\" \/>\n\t<meta property=\"og:image:height\" content=\"630\" \/>\n\t<meta property=\"og:image:type\" content=\"image\/jpeg\" \/>\n<meta name=\"twitter:card\" content=\"summary_large_image\" \/>\n<script type=\"application\/ld+json\" class=\"yoast-schema-graph\">{\"@context\":\"https:\\\/\\\/schema.org\",\"@graph\":[{\"@type\":\"WebPage\",\"@id\":\"https:\\\/\\\/cvbussales.com\\\/fr\\\/404-2\\\/\",\"url\":\"https:\\\/\\\/cvbussales.com\\\/fr\\\/404-2\\\/\",\"name\":\"404 &#183; City View Bus Sales &amp; Service\",\"isPartOf\":{\"@id\":\"http:\\\/\\\/cvbussales.com\\\/fr\\\/#website\"},\"datePublished\":\"2018-07-25T16:26:03+00:00\",\"breadcrumb\":{\"@id\":\"https:\\\/\\\/cvbussales.com\\\/fr\\\/404-2\\\/#breadcrumb\"},\"inLanguage\":\"fr-FR\",\"potentialAction\":[{\"@type\":\"ReadAction\",\"target\":[\"https:\\\/\\\/cvbussales.com\\\/fr\\\/404-2\\\/\"]}]},{\"@type\":\"BreadcrumbList\",\"@id\":\"https:\\\/\\\/cvbussales.com\\\/fr\\\/404-2\\\/#breadcrumb\",\"itemListElement\":[{\"@type\":\"ListItem\",\"position\":1,\"name\":\"Home\",\"item\":\"https:\\\/\\\/cvbussales.com\\\/fr\\\/\"},{\"@type\":\"ListItem\",\"position\":2,\"name\":\"404\"}]},{\"@type\":\"WebSite\",\"@id\":\"http:\\\/\\\/cvbussales.com\\\/fr\\\/#website\",\"url\":\"http:\\\/\\\/cvbussales.com\\\/fr\\\/\",\"name\":\"City View Bus Sales &amp; Service\",\"description\":\"Proudly Serving Private and Public Sectors Across Canada\",\"publisher\":{\"@id\":\"http:\\\/\\\/cvbussales.com\\\/fr\\\/#organization\"},\"potentialAction\":[{\"@type\":\"SearchAction\",\"target\":{\"@type\":\"EntryPoint\",\"urlTemplate\":\"http:\\\/\\\/cvbussales.com\\\/fr\\\/?s={search_term_string}\"},\"query-input\":{\"@type\":\"PropertyValueSpecification\",\"valueRequired\":true,\"valueName\":\"search_term_string\"}}],\"inLanguage\":\"fr-FR\"},{\"@type\":\"Organization\",\"@id\":\"http:\\\/\\\/cvbussales.com\\\/fr\\\/#organization\",\"name\":\"City View Bus Sales & Services Ltd.\",\"url\":\"http:\\\/\\\/cvbussales.com\\\/fr\\\/\",\"logo\":{\"@type\":\"ImageObject\",\"inLanguage\":\"fr-FR\",\"@id\":\"http:\\\/\\\/cvbussales.com\\\/fr\\\/#\\\/schema\\\/logo\\\/image\\\/\",\"url\":\"https:\\\/\\\/cvbussales.com\\\/wp-content\\\/uploads\\\/2018\\\/06\\\/cvbs-logo-old.png\",\"contentUrl\":\"https:\\\/\\\/cvbussales.com\\\/wp-content\\\/uploads\\\/2018\\\/06\\\/cvbs-logo-old.png\",\"width\":207,\"height\":101,\"caption\":\"City View Bus Sales & Services Ltd.\"},\"image\":{\"@id\":\"http:\\\/\\\/cvbussales.com\\\/fr\\\/#\\\/schema\\\/logo\\\/image\\\/\"}}]}<\/script>\n<!-- \/ Yoast SEO plugin. -->","yoast_head_json":{"title":"404 &#183; City View Bus Sales &amp; Service","robots":{"index":"index","follow":"follow","max-snippet":"max-snippet:-1","max-image-preview":"max-image-preview:large","max-video-preview":"max-video-preview:-1"},"canonical":"https:\/\/cvbussales.com\/fr\/404-2\/","og_locale":"fr_FR","og_type":"article","og_title":"404 &#183; City View Bus Sales &amp; Service","og_description":"[vc_row full_width=\u00a0\u00bbstretch_row\u00a0\u00bb full_height=\u00a0\u00bbyes\u00a0\u00bb el_class=\u00a0\u00bbpageHeader pageHeader&#8211;404&Prime;][vc_column][vc_column_text] Il n&rsquo;y a rien ici Nous sommes d\u00e9sol\u00e9s, mais cette page n&rsquo;existe pas. Veuillez v\u00e9rifier votre URL ou utiliser ... Read More","og_url":"https:\/\/cvbussales.com\/fr\/404-2\/","og_site_name":"City View Bus Sales &amp; Service","og_image":[{"width":1200,"height":630,"url":"https:\/\/cvbussales.com\/wp-content\/uploads\/2018\/07\/cvbs-opengraph.jpg","type":"image\/jpeg"}],"twitter_card":"summary_large_image","schema":{"@context":"https:\/\/schema.org","@graph":[{"@type":"WebPage","@id":"https:\/\/cvbussales.com\/fr\/404-2\/","url":"https:\/\/cvbussales.com\/fr\/404-2\/","name":"404 &#183; City View Bus Sales &amp; Service","isPartOf":{"@id":"http:\/\/cvbussales.com\/fr\/#website"},"datePublished":"2018-07-25T16:26:03+00:00","breadcrumb":{"@id":"https:\/\/cvbussales.com\/fr\/404-2\/#breadcrumb"},"inLanguage":"fr-FR","potentialAction":[{"@type":"ReadAction","target":["https:\/\/cvbussales.com\/fr\/404-2\/"]}]},{"@type":"BreadcrumbList","@id":"https:\/\/cvbussales.com\/fr\/404-2\/#breadcrumb","itemListElement":[{"@type":"ListItem","position":1,"name":"Home","item":"https:\/\/cvbussales.com\/fr\/"},{"@type":"ListItem","position":2,"name":"404"}]},{"@type":"WebSite","@id":"http:\/\/cvbussales.com\/fr\/#website","url":"http:\/\/cvbussales.com\/fr\/","name":"City View Bus Sales &amp; Service","description":"Proudly Serving Private and Public Sectors Across Canada","publisher":{"@id":"http:\/\/cvbussales.com\/fr\/#organization"},"potentialAction":[{"@type":"SearchAction","target":{"@type":"EntryPoint","urlTemplate":"http:\/\/cvbussales.com\/fr\/?s={search_term_string}"},"query-input":{"@type":"PropertyValueSpecification","valueRequired":true,"valueName":"search_term_string"}}],"inLanguage":"fr-FR"},{"@type":"Organization","@id":"http:\/\/cvbussales.com\/fr\/#organization","name":"City View Bus Sales & Services Ltd.","url":"http:\/\/cvbussales.com\/fr\/","logo":{"@type":"ImageObject","inLanguage":"fr-FR","@id":"http:\/\/cvbussales.com\/fr\/#\/schema\/logo\/image\/","url":"https:\/\/cvbussales.com\/wp-content\/uploads\/2018\/06\/cvbs-logo-old.png","contentUrl":"https:\/\/cvbussales.com\/wp-content\/uploads\/2018\/06\/cvbs-logo-old.png","width":207,"height":101,"caption":"City View Bus Sales & Services Ltd."},"image":{"@id":"http:\/\/cvbussales.com\/fr\/#\/schema\/logo\/image\/"}}]}},"_links":{"self":[{"href":"https:\/\/cvbussales.com\/fr\/wp-json\/wp\/v2\/pages\/724","targetHints":{"allow":["GET"]}}],"collection":[{"href":"https:\/\/cvbussales.com\/fr\/wp-json\/wp\/v2\/pages"}],"about":[{"href":"https:\/\/cvbussales.com\/fr\/wp-json\/wp\/v2\/types\/page"}],"author":[{"embeddable":true,"href":"https:\/\/cvbussales.com\/fr\/wp-json\/wp\/v2\/users\/1"}],"replies":[{"embeddable":true,"href":"https:\/\/cvbussales.com\/fr\/wp-json\/wp\/v2\/comments?post=724"}],"version-history":[{"count":1,"href":"https:\/\/cvbussales.com\/fr\/wp-json\/wp\/v2\/pages\/724\/revisions"}],"predecessor-version":[{"id":725,"href":"https:\/\/cvbussales.com\/fr\/wp-json\/wp\/v2\/pages\/724\/revisions\/725"}],"wp:attachment":[{"href":"https:\/\/cvbussales.com\/fr\/wp-json\/wp\/v2\/media?parent=724"}],"curies":[{"name":"wp","href":"https:\/\/api.w.org\/{rel}","templated":true}]}}