{"id":534,"date":"2018-07-18T17:03:19","date_gmt":"2018-07-18T21:03:19","guid":{"rendered":"http:\/\/cvbussales.com\/?page_id=534"},"modified":"2018-07-19T11:51:54","modified_gmt":"2018-07-19T15:51:54","slug":"sitemap","status":"publish","type":"page","link":"https:\/\/cvbussales.com\/fr\/sitemap\/","title":{"rendered":"Sitemap"},"content":{"rendered":"<div class=\"wpb-content-wrapper\">[vc_row full_width=\u00a0\u00bbstretch_row\u00a0\u00bb el_class=\u00a0\u00bbpageHeader\u00a0\u00bb css=\u00a0\u00bb.vc_custom_1531504589045{background-image: url(http:\/\/cvbussales.com\/wp-content\/uploads\/2018\/06\/bg-02.jpg?id=122) !important;}\u00a0\u00bb][vc_column][vc_column_text]\n<h1>Sitemap<\/h1>\n[\/vc_column_text][\/vc_column][\/vc_row][vc_row el_class=\u00a0\u00bbstandardPage&#8211;padding sitemap__main\u00a0\u00bb][vc_column][vc_column_text]<div class=\"wsp-container\"><ul class=\"wsp-pages-list\">\n<li class=\"page_item page-item-724\"><a href=\"https:\/\/cvbussales.com\/fr\/404-2\/\">404<\/a><\/li>\n<li class=\"page_item page-item-518\"><a href=\"https:\/\/cvbussales.com\/fr\/a-propos\/\">\u00c0 propos<\/a><\/li>\n<li class=\"page_item page-item-509 current_page_parent\"><a href=\"https:\/\/cvbussales.com\/fr\/blog\/\">Blog<\/a><\/li>\n<li class=\"page_item page-item-453\"><a href=\"https:\/\/cvbussales.com\/fr\/catalogue\/\">Boutique<\/a><\/li>\n<li class=\"page_item page-item-507\"><a href=\"https:\/\/cvbussales.com\/fr\/brochures\/\">Brochures<\/a><\/li>\n<li class=\"page_item page-item-484\"><a href=\"https:\/\/cvbussales.com\/fr\/carburants-alternatifs\/\">Carburants alternatifs<\/a><\/li>\n<li class=\"page_item page-item-526\"><a href=\"https:\/\/cvbussales.com\/fr\/carrieres\/\">Carri\u00e8res chez Autobus De La Cit\u00e9<\/a><\/li>\n<li class=\"page_item page-item-511\"><a href=\"https:\/\/cvbussales.com\/fr\/contactez-nous\/\">Contactez nous<\/a><\/li>\n<li class=\"page_item page-item-501\"><a href=\"https:\/\/cvbussales.com\/fr\/demande-de-credit\/\">Demande de cr\u00e9dit pour un bail commercial<\/a><\/li>\n<li class=\"page_item page-item-491\"><a href=\"https:\/\/cvbussales.com\/fr\/demande-de-pieces\/\">Demande de pi\u00e8ces<\/a><\/li>\n<li class=\"page_item page-item-505\"><a href=\"https:\/\/cvbussales.com\/fr\/evenements\/\">\u00c9v\u00e9nements<\/a><\/li>\n<li class=\"page_item page-item-497\"><a href=\"https:\/\/cvbussales.com\/fr\/financement\/\">Financement<\/a><\/li>\n<li class=\"page_item page-item-457\"><a href=\"https:\/\/cvbussales.com\/fr\/\">Homepage<\/a><\/li>\n<li class=\"page_item page-item-532\"><a href=\"https:\/\/cvbussales.com\/fr\/newsletter\/\">Inscrivez-vous \u00e0 notre newsletter<\/a><\/li>\n<li class=\"page_item page-item-2086\"><a href=\"https:\/\/cvbussales.com\/fr\/mon-compte-2\/\">Mon compte<\/a><\/li>\n<li class=\"page_item page-item-456\"><a href=\"https:\/\/cvbussales.com\/fr\/mon-compte\/\">Mon compte<\/a><\/li>\n<li class=\"page_item page-item-493\"><a href=\"https:\/\/cvbussales.com\/fr\/service\/\">Notre Service<\/a><\/li>\n<li class=\"page_item page-item-2084\"><a href=\"https:\/\/cvbussales.com\/fr\/panier-2\/\">Panier<\/a><\/li>\n<li class=\"page_item page-item-454\"><a href=\"https:\/\/cvbussales.com\/fr\/panier\/\">Panier<\/a><\/li>\n<li class=\"page_item page-item-529\"><a href=\"https:\/\/cvbussales.com\/fr\/politique-de-service-a-la-clientele-accessible\/\">Politique de service \u00e0 la client\u00e8le accessible<\/a><\/li>\n<li class=\"page_item page-item-503\"><a href=\"https:\/\/cvbussales.com\/fr\/ressources\/\">Ressources<\/a><\/li>\n<li class=\"page_item page-item-534\"><a href=\"https:\/\/cvbussales.com\/fr\/sitemap\/\">Sitemap<\/a><\/li>\n<li class=\"page_item page-item-2085\"><a href=\"https:\/\/cvbussales.com\/fr\/validation-2\/\">Validation<\/a><\/li>\n<li class=\"page_item page-item-455\"><a href=\"https:\/\/cvbussales.com\/fr\/validation\/\">Validation<\/a><\/li>\n<\/ul>\n<\/div>\n<h2>Offres d&#8217;emploi<\/h2>\n<div class=\"wsp-container\"><\/div>\n<h2>\u00c9v\u00e9nements<\/h2>\n<div class=\"wsp-container\"><\/div>\n<h2>Bus et pi\u00e8ces<\/h2>\n<div class=\"wsp-container\"><ul class=\"wsp-products-list\">\n<li><a href=\"https:\/\/cvbussales.com\/fr\/products\/2011-new-flyer\/\">2011 New Flyer<\/a><\/li>\n<li><a href=\"https:\/\/cvbussales.com\/fr\/products\/2017-spirit-of-america-trolley\/\">2017 Spirit Of America Trolley<\/a><\/li>\n<li><a href=\"https:\/\/cvbussales.com\/fr\/products\/2016-vicinity\/\">2016 Vicinity<\/a><\/li>\n<li><a href=\"https:\/\/cvbussales.com\/fr\/products\/2012-prevost-h3-45\/\">2012 Prevost H3-45<\/a><\/li>\n<li><a href=\"https:\/\/cvbussales.com\/fr\/products\/2011-prevost-h3-45\/\">2011 Prevost H3-45<\/a><\/li>\n<li><a href=\"https:\/\/cvbussales.com\/fr\/products\/bykrak-2-attachment-bracket-for-reese-connector\/\">BykRak 2\" Attachment Bracket for Reese Connector<\/a><\/li>\n<li><a href=\"https:\/\/cvbussales.com\/fr\/products\/alexander-dennis-bumper-bracket-kit\/\">Alexander-Dennis Bumper Bracket Kit<\/a><\/li>\n<li><a href=\"https:\/\/cvbussales.com\/fr\/products\/bykrak-2-position-s-s-black-quick-disconnect\/\">BykRak 2 Position S\/S Black Quick Disconnect<\/a><\/li>\n<li><a href=\"https:\/\/cvbussales.com\/fr\/products\/bykrak-s-s-quick-release-bracket-kit\/\">BykRak S\/S Quick Release Bracket Kit<\/a><\/li>\n<li><a href=\"https:\/\/cvbussales.com\/fr\/products\/bykrak-kit-deploy-light\/\">BykRak Kit - Deploy Light<\/a><\/li>\n<li><a href=\"https:\/\/cvbussales.com\/fr\/products\/bykrak-lh-wheel-lock-assembly-ng\/\">BykRak LH Wheel Lock Assembly NG<\/a><\/li>\n<li><a href=\"https:\/\/cvbussales.com\/fr\/products\/bykrak-rh-wheel-lock-assembly-ng\/\">BykRak RH Wheel Lock Assembly NG<\/a><\/li>\n<li><a href=\"https:\/\/cvbussales.com\/fr\/products\/bykrak-bracket-deploy-sensor-pivot\/\">BykRak Bracket - Deploy Sensor - Pivot<\/a><\/li>\n<li><a href=\"https:\/\/cvbussales.com\/fr\/products\/bykrak-bracket-deploy-sensor-rack\/\">BykRak Bracket - Deploy Sensor - Rack<\/a><\/li>\n<li><a href=\"https:\/\/cvbussales.com\/fr\/products\/bykrak-actuator-proximity-sensor\/\">BykRak Actuator Proximity Sensor<\/a><\/li>\n<li><a href=\"https:\/\/cvbussales.com\/fr\/products\/bykrak-sensor-with-wire\/\">BykRak Sensor with Wire<\/a><\/li>\n<li><a href=\"https:\/\/cvbussales.com\/fr\/products\/freightliner-m2-bumper-mounting-kit\/\">Freightliner M2 Bumper Mounting Kit<\/a><\/li>\n<li><a href=\"https:\/\/cvbussales.com\/fr\/products\/bykrak-c-style-bumper-bracket-kit\/\">BykRak C Style Bumper Bracket Kit<\/a><\/li>\n<li><a href=\"https:\/\/cvbussales.com\/fr\/products\/bykrak-connection-bracket-for-nova-with-tow-eyes\/\">BykRak Connection Bracket for NOVA with Tow Eyes<\/a><\/li>\n<li><a href=\"https:\/\/cvbussales.com\/fr\/products\/bykrak-spring-assisted-pivot-bracket-for-3-position-rack\/\">BykRak Spring Assisted Pivot Bracket for 3 Position Rack<\/a><\/li>\n<li><a href=\"https:\/\/cvbussales.com\/fr\/products\/bykrak-3-position-m-s-black\/\">BykRak 3 Position M\/S Black<\/a><\/li>\n<li><a href=\"https:\/\/cvbussales.com\/fr\/products\/bykrak-2-position-s-s-electro-polished\/\">BykRak 2 Position S\/S Electro Polished<\/a><\/li>\n<li><a href=\"https:\/\/cvbussales.com\/fr\/products\/yakima-ski-rack-for-bykrak\/\">Yakima Ski Rack for BykRak<\/a><\/li>\n<li><a href=\"https:\/\/cvbussales.com\/fr\/products\/bykrak-drill-template-for-the-785-kit\/\">BykRak Drill Template for the 785 Kit<\/a><\/li>\n<li><a href=\"https:\/\/cvbussales.com\/fr\/products\/bykrak-bumper-bracket-kit-for-chevy-c3500\/\">BykRak Bumper Bracket Kit for Chevy C3500<\/a><\/li>\n<li><a href=\"https:\/\/cvbussales.com\/fr\/products\/bykrak-amber-light\/\">BykRak Amber Light<\/a><\/li>\n<li><a href=\"https:\/\/cvbussales.com\/fr\/products\/bykrak-nova-bumper-bracket-kit\/\">BykRak NOVA Bumper Bracket Kit<\/a><\/li>\n<li><a href=\"https:\/\/cvbussales.com\/fr\/products\/bykrak-knobs\/\">BykRak Knobs<\/a><\/li>\n<li><a href=\"https:\/\/cvbussales.com\/fr\/products\/bykrak-red-stoppers\/\">BykRak Red Stoppers<\/a><\/li>\n<li><a href=\"https:\/\/cvbussales.com\/fr\/products\/bykrak-bracket-kit-with-tabs\/\">BykRak Bracket Kit with Tabs<\/a><\/li>\n<li><a href=\"https:\/\/cvbussales.com\/fr\/products\/bykrak-bumper-bracket-kit\/\">BykRak Bumper Bracket Kit<\/a><\/li>\n<li><a href=\"https:\/\/cvbussales.com\/fr\/products\/bykrak-s-s-bushings\/\">BykRak S\/S Bushings<\/a><\/li>\n<li><a href=\"https:\/\/cvbussales.com\/fr\/products\/bykrak-s-s-spacers\/\">BykRak S\/S Spacers<\/a><\/li>\n<li><a href=\"https:\/\/cvbussales.com\/fr\/products\/bykrak-gas-shocks\/\">BykRak Gas Shocks<\/a><\/li>\n<li><a href=\"https:\/\/cvbussales.com\/fr\/products\/bykrak-pivot-bracket-sensor-and-plug\/\">BykRak Pivot Bracket Sensor and Plug<\/a><\/li>\n<li><a href=\"https:\/\/cvbussales.com\/fr\/products\/bykrak-bike-rack-sensor-mount-and-plate\/\">BykRak [Bike Rack] Sensor Mount and Plate<\/a><\/li>\n<li><a href=\"https:\/\/cvbussales.com\/fr\/products\/bykrak-sensor-kit\/\">BykRak Sensor Kit<\/a><\/li>\n<li><a href=\"https:\/\/cvbussales.com\/fr\/products\/ez-on-100sny-seat-mount-high-back\/\">EZ-ON 100SNY Seat Mount High Back<\/a><\/li>\n<li><a href=\"https:\/\/cvbussales.com\/fr\/products\/ford-f650-2013\/\">FORD F650 2013<\/a><\/li>\n<li><a href=\"https:\/\/cvbussales.com\/fr\/products\/ez-on-100eb-50-extremety-belt\/\">EZ-ON 100EB-50 Extremety Belt<\/a><\/li>\n<li><a href=\"https:\/\/cvbussales.com\/fr\/products\/ez-on-100eb-40-extremety-belt\/\">EZ-ON 100EB-40 Extremety Belt<\/a><\/li>\n<li><a href=\"https:\/\/cvbussales.com\/fr\/products\/ez-on-100bsp-plastic-bar-slide\/\">EZ-ON 100BSP Plastic Bar Slide<\/a><\/li>\n<li><a href=\"https:\/\/cvbussales.com\/fr\/products\/ez-on-100th-black-tether-hook\/\">EZ-ON 100TH Black Tether Hook<\/a><\/li>\n<li><a href=\"https:\/\/cvbussales.com\/fr\/products\/ez-on-100mb1-1-mcdonald-clip\/\">EZ-ON 100MB1 1\u201d McDonald Clip<\/a><\/li>\n<li><a href=\"https:\/\/cvbussales.com\/fr\/products\/ez-on-100shw-snap-hook-with-wings\/\">EZ-ON 100SHW Snap Hook With Wings<\/a><\/li>\n<li><a href=\"https:\/\/cvbussales.com\/fr\/products\/ez-on-100cra-roll-adjuster-cover\/\">EZ-ON 100CRA Roll Adjuster Cover<\/a><\/li>\n<li><a href=\"https:\/\/cvbussales.com\/fr\/products\/ez-on-100cc-chest-clip\/\">EZ-ON 100CC Chest Clip<\/a><\/li>\n<li><a href=\"https:\/\/cvbussales.com\/fr\/products\/ez-on-100h-single-tether-hardware-kit\/\">EZ-ON 100H Single Tether Hardware Kit<\/a><\/li>\n<li><a href=\"https:\/\/cvbussales.com\/fr\/products\/ez-on-100uap-portable-upper-arm-straps\/\">EZ-ON 100UAP Portable Upper Arm Straps<\/a><\/li>\n<li><a href=\"https:\/\/cvbussales.com\/fr\/products\/ez-on-100ar-ankle-straps\/\">EZ-ON 100AR Ankle Straps<\/a><\/li>\n<li><a href=\"https:\/\/cvbussales.com\/fr\/products\/ez-on-100wrp-portable-wrist-straps\/\">EZ-ON 100WRP Portable Wrist Straps<\/a><\/li>\n<li><a href=\"https:\/\/cvbussales.com\/fr\/products\/ez-on-100np-neck-pad\/\">EZ-ON 100NP Neck Pad<\/a><\/li>\n<li><a href=\"https:\/\/cvbussales.com\/fr\/products\/ez-on-100crp-portable-strap-extender\/\">EZ-ON 100CRP Portable Strap Extender<\/a><\/li>\n<li><a href=\"https:\/\/cvbussales.com\/fr\/products\/ez-on-100cse-crotch-strap-extender\/\">EZ-ON 100CSE Crotch Strap Extender<\/a><\/li>\n<li><a href=\"https:\/\/cvbussales.com\/fr\/products\/ez-on-100bg-buckle-guard\/\">EZ-ON 100BG Buckle Guard<\/a><\/li>\n<li><a href=\"https:\/\/cvbussales.com\/fr\/products\/ez-on-1004-safe-cut-belt-cutter\/\">EZ-ON 1004 \u2013 Safe Cut Belt Cutter<\/a><\/li>\n<li><a href=\"https:\/\/cvbussales.com\/fr\/products\/ez-on-100zl-zipper-lock\/\">EZ-ON 100ZL Zipper Lock<\/a><\/li>\n<li><a href=\"https:\/\/cvbussales.com\/fr\/products\/ez-on-225a-lower-latch-add-on\/\">EZ-ON 225A Lower Latch Add On<\/a><\/li>\n<li><a href=\"https:\/\/cvbussales.com\/fr\/products\/ez-on-100wc-wheel-chair-mount\/\">EZ-ON 100WC Wheel Chair Mount<\/a><\/li>\n<li><a href=\"https:\/\/cvbussales.com\/fr\/products\/ez-on-100sm-seat-mount\/\">EZ-ON 100SM Seat Mount<\/a><\/li>\n<li><a href=\"https:\/\/cvbussales.com\/fr\/products\/ez-on-100fm-floor-mount\/\">EZ-ON 100FM Floor Mount<\/a><\/li>\n<li><a href=\"https:\/\/cvbussales.com\/fr\/products\/ez-on-100tm-tether-mount\/\">EZ-ON 100TM Tether Mount<\/a><\/li>\n<li><a href=\"https:\/\/cvbussales.com\/fr\/products\/ez-on-543-car-cam\/\">EZ-ON 543 Car Cam<\/a><\/li>\n<li><a href=\"https:\/\/cvbussales.com\/fr\/products\/ez-on-43y-car-cam-with-crotch-strap\/\">EZ-ON 43Y Car Cam with Crotch Strap<\/a><\/li>\n<li><a href=\"https:\/\/cvbussales.com\/fr\/products\/ez-on-86y-car-cam\/\">EZ-ON 86Y Car Cam<\/a><\/li>\n<li><a href=\"https:\/\/cvbussales.com\/fr\/products\/ez-on-303z-adjustable-zipper-vest-with-loops\/\">EZ-ON 303Z Adjustable Zipper Vest With Loops<\/a><\/li>\n<li><a href=\"https:\/\/cvbussales.com\/fr\/products\/ez-on-max-2-houdini-vest\/\">EZ-ON Max 2 Houdini Vest<\/a><\/li>\n<li><a href=\"https:\/\/cvbussales.com\/fr\/products\/ez-on-403-pb-adjustable-push-button-vest-with-loops\/\">EZ-ON 403PB Adjustable Push Button Vest With Loops<\/a><\/li>\n<li><a href=\"https:\/\/cvbussales.com\/fr\/products\/ez-on-101m2-m203-modified-laydown-vest\/\">EZ-ON 101M2\/M203 Modified Laydown Vest<\/a><\/li>\n<li><a href=\"https:\/\/cvbussales.com\/fr\/products\/ez-on-203-pb-push-button-adjustable-vest\/\">EZ-ON 203PB Push Button Adjustable Vest<\/a><\/li>\n<li><a href=\"https:\/\/cvbussales.com\/fr\/products\/ez-on-103-z-adjustable-zipper-vest\/\">EZ-ON 103Z Adjustable Zipper Vest<\/a><\/li>\n<li><a href=\"https:\/\/cvbussales.com\/fr\/products\/byk-rak-1-position-solo\/\">Byk-Rak 1 Position (Solo)<\/a><\/li>\n<li><a href=\"https:\/\/cvbussales.com\/fr\/products\/byk-rak-2-position\/\">Byk-Rak 2 Position<\/a><\/li>\n<li><a href=\"https:\/\/cvbussales.com\/fr\/products\/byk-rak-3-position\/\">Byk-Rak 3 Position<\/a><\/li>\n<li><a href=\"https:\/\/cvbussales.com\/fr\/products\/2007-j4500-mci\/\">2007 J4500 MCI<\/a><\/li>\n<li><a href=\"https:\/\/cvbussales.com\/fr\/products\/2006-j4500\/\">2006 J4500<\/a><\/li>\n<li><a href=\"https:\/\/cvbussales.com\/fr\/products\/world-trans-t-series\/\">World Trans T Series<\/a><\/li>\n<li><a href=\"https:\/\/cvbussales.com\/fr\/products\/2016-girardin-2\/\">2016 Girardin<\/a><\/li>\n<li><a href=\"https:\/\/cvbussales.com\/fr\/products\/2016-girardin\/\">2016 Girardin<\/a><\/li>\n<li><a href=\"https:\/\/cvbussales.com\/fr\/products\/enc-e-z-rider-ii-2\/\">ENC E-Z Rider II<\/a><\/li>\n<li><a href=\"https:\/\/cvbussales.com\/fr\/products\/enc-passport-hd\/\">ENC Passport-HD<\/a><\/li>\n<li><a href=\"https:\/\/cvbussales.com\/fr\/products\/world-trans-e-g-series\/\">World Trans E &amp; G Series<\/a><\/li>\n<li><a href=\"https:\/\/cvbussales.com\/fr\/products\/eldorado-aerolite\/\">ElDorado AeroLite<\/a><\/li>\n<li><a href=\"https:\/\/cvbussales.com\/fr\/products\/eldorado-aerotech\/\">ElDorado AeroTech<\/a><\/li>\n<li><a href=\"https:\/\/cvbussales.com\/fr\/products\/eldorado-aero-elite\/\">ElDorado Aero Elite<\/a><\/li>\n<li><a href=\"https:\/\/cvbussales.com\/fr\/products\/eldorado-advantage\/\">ElDorado Advantage<\/a><\/li>\n<li><a href=\"https:\/\/cvbussales.com\/fr\/products\/ricon-counter-wiring-harness\/\">Ricon Counter Wiring Harness<\/a><\/li>\n<\/ul>\n<\/div>\n<h2>Blog<\/h2>\n<div class=\"wsp-container\"><ul class=\"wsp-posts-list\">\n\t<li><strong class=\"wsp-category-title\">Cat\u00e9gorie\u00a0: <a href=\"https:\/\/cvbussales.com\/fr\/blog\/category\/non-classifiee\/\">Non classifi\u00e9(e)<\/a><\/strong>\n<ul class=\"wsp-posts-list\">\t\t<li class=\"wsp-post\"><a href=\"https:\/\/cvbussales.com\/fr\/blog\/six-benefits-of-buying-a-refurbished-bus-to-consider-2\/\">Six Benefits of Buying a Refurbished Bus to Consider<\/a><\/li>\n<\/ul><\/li>\n\t<li><strong class=\"wsp-category-title\">Cat\u00e9gorie\u00a0: <a href=\"https:\/\/cvbussales.com\/fr\/blog\/category\/used-buses-fr\/\">Used Buses<\/a><\/strong>\n<\/li>\n<\/ul>\n<\/div>[\/vc_column_text][\/vc_column][\/vc_row]\n<\/div>","protected":false},"excerpt":{"rendered":"<p>[vc_row full_width=\u00a0\u00bbstretch_row\u00a0\u00bb el_class=\u00a0\u00bbpageHeader\u00a0\u00bb css=\u00a0\u00bb.vc_custom_1531504589045{background-image: url(http:\/\/cvbussales.com\/wp-content\/uploads\/2018\/06\/bg-02.jpg?id=122) !important;}\u00a0\u00bb][vc_column][vc_column_text] Sitemap [\/vc_column_text][\/vc_column][\/vc_row][vc_row el_class=\u00a0\u00bbstandardPage&#8211;padding sitemap__main\u00a0\u00bb][vc_column][vc_column_text] Offres d&#8217;emploi \u00c9v\u00e9nements Bus et pi\u00e8ces Blog [\/vc_column_text][\/vc_column][\/vc_row]<\/p>\n","protected":false},"author":1,"featured_media":0,"parent":0,"menu_order":0,"comment_status":"closed","ping_status":"closed","template":"template-blank-1.php","meta":{"_acf_changed":false,"inline_featured_image":false,"footnotes":""},"class_list":["post-534","page","type-page","status-publish","hentry","no-post-thumbnail"],"acf":[],"yoast_head":"<!-- This site is optimized with the Yoast SEO plugin v27.3 - https:\/\/yoast.com\/product\/yoast-seo-wordpress\/ -->\n<title>Sitemap &#183; City View Bus Sales &amp; Service<\/title>\n<meta name=\"robots\" content=\"index, follow, max-snippet:-1, max-image-preview:large, max-video-preview:-1\" \/>\n<link rel=\"canonical\" href=\"https:\/\/cvbussales.com\/fr\/sitemap\/\" \/>\n<meta property=\"og:locale\" content=\"fr_FR\" \/>\n<meta property=\"og:type\" content=\"article\" \/>\n<meta property=\"og:title\" content=\"Sitemap &#183; City View Bus Sales &amp; Service\" \/>\n<meta property=\"og:description\" content=\"[vc_row full_width=\u00a0\u00bbstretch_row\u00a0\u00bb el_class=\u00a0\u00bbpageHeader\u00a0\u00bb css=\u00a0\u00bb.vc_custom_1531504589045{background-image: url(http:\/\/cvbussales.com\/wp-content\/uploads\/2018\/06\/bg-02.jpg?id=122) !important;}\u00a0\u00bb][vc_column][vc_column_text] Sitemap [\/vc_column_text][\/vc_column][\/vc_row][vc_row el_class=\u00a0\u00bbstandardPage&#8211;padding sitemap__main\u00a0\u00bb][vc_column][vc_column_text] Offres d&#8217;emploi \u00c9v\u00e9nements Bus et pi\u00e8ces Blog [\/vc_column_text][\/vc_column][\/vc_row]\" \/>\n<meta property=\"og:url\" content=\"https:\/\/cvbussales.com\/fr\/sitemap\/\" \/>\n<meta property=\"og:site_name\" content=\"City View Bus Sales &amp; Service\" \/>\n<meta property=\"article:modified_time\" content=\"2018-07-19T15:51:54+00:00\" \/>\n<meta property=\"og:image\" content=\"https:\/\/cvbussales.com\/wp-content\/uploads\/2018\/07\/cvbs-opengraph.jpg\" \/>\n\t<meta property=\"og:image:width\" content=\"1200\" \/>\n\t<meta property=\"og:image:height\" content=\"630\" \/>\n\t<meta property=\"og:image:type\" content=\"image\/jpeg\" \/>\n<meta name=\"twitter:card\" content=\"summary_large_image\" \/>\n<meta name=\"twitter:label1\" content=\"Dur\u00e9e de lecture estim\u00e9e\" \/>\n\t<meta name=\"twitter:data1\" content=\"1 minute\" \/>\n<script type=\"application\/ld+json\" class=\"yoast-schema-graph\">{\"@context\":\"https:\\\/\\\/schema.org\",\"@graph\":[{\"@type\":\"WebPage\",\"@id\":\"https:\\\/\\\/cvbussales.com\\\/fr\\\/sitemap\\\/\",\"url\":\"https:\\\/\\\/cvbussales.com\\\/fr\\\/sitemap\\\/\",\"name\":\"Sitemap &#183; City View Bus Sales &amp; Service\",\"isPartOf\":{\"@id\":\"http:\\\/\\\/cvbussales.com\\\/fr\\\/#website\"},\"datePublished\":\"2018-07-18T21:03:19+00:00\",\"dateModified\":\"2018-07-19T15:51:54+00:00\",\"breadcrumb\":{\"@id\":\"https:\\\/\\\/cvbussales.com\\\/fr\\\/sitemap\\\/#breadcrumb\"},\"inLanguage\":\"fr-FR\",\"potentialAction\":[{\"@type\":\"ReadAction\",\"target\":[\"https:\\\/\\\/cvbussales.com\\\/fr\\\/sitemap\\\/\"]}]},{\"@type\":\"BreadcrumbList\",\"@id\":\"https:\\\/\\\/cvbussales.com\\\/fr\\\/sitemap\\\/#breadcrumb\",\"itemListElement\":[{\"@type\":\"ListItem\",\"position\":1,\"name\":\"Home\",\"item\":\"https:\\\/\\\/cvbussales.com\\\/fr\\\/\"},{\"@type\":\"ListItem\",\"position\":2,\"name\":\"Sitemap\"}]},{\"@type\":\"WebSite\",\"@id\":\"http:\\\/\\\/cvbussales.com\\\/fr\\\/#website\",\"url\":\"http:\\\/\\\/cvbussales.com\\\/fr\\\/\",\"name\":\"City View Bus Sales &amp; Service\",\"description\":\"Proudly Serving Private and Public Sectors Across Canada\",\"publisher\":{\"@id\":\"http:\\\/\\\/cvbussales.com\\\/fr\\\/#organization\"},\"potentialAction\":[{\"@type\":\"SearchAction\",\"target\":{\"@type\":\"EntryPoint\",\"urlTemplate\":\"http:\\\/\\\/cvbussales.com\\\/fr\\\/?s={search_term_string}\"},\"query-input\":{\"@type\":\"PropertyValueSpecification\",\"valueRequired\":true,\"valueName\":\"search_term_string\"}}],\"inLanguage\":\"fr-FR\"},{\"@type\":\"Organization\",\"@id\":\"http:\\\/\\\/cvbussales.com\\\/fr\\\/#organization\",\"name\":\"City View Bus Sales & Services Ltd.\",\"url\":\"http:\\\/\\\/cvbussales.com\\\/fr\\\/\",\"logo\":{\"@type\":\"ImageObject\",\"inLanguage\":\"fr-FR\",\"@id\":\"http:\\\/\\\/cvbussales.com\\\/fr\\\/#\\\/schema\\\/logo\\\/image\\\/\",\"url\":\"https:\\\/\\\/cvbussales.com\\\/wp-content\\\/uploads\\\/2018\\\/06\\\/cvbs-logo-old.png\",\"contentUrl\":\"https:\\\/\\\/cvbussales.com\\\/wp-content\\\/uploads\\\/2018\\\/06\\\/cvbs-logo-old.png\",\"width\":207,\"height\":101,\"caption\":\"City View Bus Sales & Services Ltd.\"},\"image\":{\"@id\":\"http:\\\/\\\/cvbussales.com\\\/fr\\\/#\\\/schema\\\/logo\\\/image\\\/\"}}]}<\/script>\n<!-- \/ Yoast SEO plugin. -->","yoast_head_json":{"title":"Sitemap &#183; City View Bus Sales &amp; Service","robots":{"index":"index","follow":"follow","max-snippet":"max-snippet:-1","max-image-preview":"max-image-preview:large","max-video-preview":"max-video-preview:-1"},"canonical":"https:\/\/cvbussales.com\/fr\/sitemap\/","og_locale":"fr_FR","og_type":"article","og_title":"Sitemap &#183; City View Bus Sales &amp; Service","og_description":"[vc_row full_width=\u00a0\u00bbstretch_row\u00a0\u00bb el_class=\u00a0\u00bbpageHeader\u00a0\u00bb css=\u00a0\u00bb.vc_custom_1531504589045{background-image: url(http:\/\/cvbussales.com\/wp-content\/uploads\/2018\/06\/bg-02.jpg?id=122) !important;}\u00a0\u00bb][vc_column][vc_column_text] Sitemap [\/vc_column_text][\/vc_column][\/vc_row][vc_row el_class=\u00a0\u00bbstandardPage&#8211;padding sitemap__main\u00a0\u00bb][vc_column][vc_column_text] Offres d&#8217;emploi \u00c9v\u00e9nements Bus et pi\u00e8ces Blog [\/vc_column_text][\/vc_column][\/vc_row]","og_url":"https:\/\/cvbussales.com\/fr\/sitemap\/","og_site_name":"City View Bus Sales &amp; Service","article_modified_time":"2018-07-19T15:51:54+00:00","og_image":[{"width":1200,"height":630,"url":"https:\/\/cvbussales.com\/wp-content\/uploads\/2018\/07\/cvbs-opengraph.jpg","type":"image\/jpeg"}],"twitter_card":"summary_large_image","twitter_misc":{"Dur\u00e9e de lecture estim\u00e9e":"1 minute"},"schema":{"@context":"https:\/\/schema.org","@graph":[{"@type":"WebPage","@id":"https:\/\/cvbussales.com\/fr\/sitemap\/","url":"https:\/\/cvbussales.com\/fr\/sitemap\/","name":"Sitemap &#183; City View Bus Sales &amp; Service","isPartOf":{"@id":"http:\/\/cvbussales.com\/fr\/#website"},"datePublished":"2018-07-18T21:03:19+00:00","dateModified":"2018-07-19T15:51:54+00:00","breadcrumb":{"@id":"https:\/\/cvbussales.com\/fr\/sitemap\/#breadcrumb"},"inLanguage":"fr-FR","potentialAction":[{"@type":"ReadAction","target":["https:\/\/cvbussales.com\/fr\/sitemap\/"]}]},{"@type":"BreadcrumbList","@id":"https:\/\/cvbussales.com\/fr\/sitemap\/#breadcrumb","itemListElement":[{"@type":"ListItem","position":1,"name":"Home","item":"https:\/\/cvbussales.com\/fr\/"},{"@type":"ListItem","position":2,"name":"Sitemap"}]},{"@type":"WebSite","@id":"http:\/\/cvbussales.com\/fr\/#website","url":"http:\/\/cvbussales.com\/fr\/","name":"City View Bus Sales &amp; Service","description":"Proudly Serving Private and Public Sectors Across Canada","publisher":{"@id":"http:\/\/cvbussales.com\/fr\/#organization"},"potentialAction":[{"@type":"SearchAction","target":{"@type":"EntryPoint","urlTemplate":"http:\/\/cvbussales.com\/fr\/?s={search_term_string}"},"query-input":{"@type":"PropertyValueSpecification","valueRequired":true,"valueName":"search_term_string"}}],"inLanguage":"fr-FR"},{"@type":"Organization","@id":"http:\/\/cvbussales.com\/fr\/#organization","name":"City View Bus Sales & Services Ltd.","url":"http:\/\/cvbussales.com\/fr\/","logo":{"@type":"ImageObject","inLanguage":"fr-FR","@id":"http:\/\/cvbussales.com\/fr\/#\/schema\/logo\/image\/","url":"https:\/\/cvbussales.com\/wp-content\/uploads\/2018\/06\/cvbs-logo-old.png","contentUrl":"https:\/\/cvbussales.com\/wp-content\/uploads\/2018\/06\/cvbs-logo-old.png","width":207,"height":101,"caption":"City View Bus Sales & Services Ltd."},"image":{"@id":"http:\/\/cvbussales.com\/fr\/#\/schema\/logo\/image\/"}}]}},"_links":{"self":[{"href":"https:\/\/cvbussales.com\/fr\/wp-json\/wp\/v2\/pages\/534","targetHints":{"allow":["GET"]}}],"collection":[{"href":"https:\/\/cvbussales.com\/fr\/wp-json\/wp\/v2\/pages"}],"about":[{"href":"https:\/\/cvbussales.com\/fr\/wp-json\/wp\/v2\/types\/page"}],"author":[{"embeddable":true,"href":"https:\/\/cvbussales.com\/fr\/wp-json\/wp\/v2\/users\/1"}],"replies":[{"embeddable":true,"href":"https:\/\/cvbussales.com\/fr\/wp-json\/wp\/v2\/comments?post=534"}],"version-history":[{"count":2,"href":"https:\/\/cvbussales.com\/fr\/wp-json\/wp\/v2\/pages\/534\/revisions"}],"predecessor-version":[{"id":631,"href":"https:\/\/cvbussales.com\/fr\/wp-json\/wp\/v2\/pages\/534\/revisions\/631"}],"wp:attachment":[{"href":"https:\/\/cvbussales.com\/fr\/wp-json\/wp\/v2\/media?parent=534"}],"curies":[{"name":"wp","href":"https:\/\/api.w.org\/{rel}","templated":true}]}}