{"id":526,"date":"2018-07-18T16:56:52","date_gmt":"2018-07-18T20:56:52","guid":{"rendered":"http:\/\/cvbussales.com\/?page_id=526"},"modified":"2018-07-18T16:58:06","modified_gmt":"2018-07-18T20:58:06","slug":"carrieres","status":"publish","type":"page","link":"https:\/\/cvbussales.com\/fr\/carrieres\/","title":{"rendered":"Carri\u00e8res chez Autobus De La Cit\u00e9"},"content":{"rendered":"<div class=\"wpb-content-wrapper\">[vc_row full_width=\u00a0\u00bbstretch_row\u00a0\u00bb el_class=\u00a0\u00bbpageHeader\u00a0\u00bb css=\u00a0\u00bb.vc_custom_1531856823579{background-image: url(http:\/\/cvbussales.com\/wp-content\/uploads\/2018\/07\/bg-careers.jpg?id=435) !important;}\u00a0\u00bb][vc_column][vc_column_text]\n<h1>Carri\u00e8res chez Autobus De La Cit\u00e9<\/h1>\n[\/vc_column_text][\/vc_column][\/vc_row][vc_row el_class=\u00a0\u00bbstandardPage&#8211;padding\u00a0\u00bb][vc_column][vc_column_text]\n<h2>Rechercher les emplois disponibles<\/h2>\n<div class=\"job_listings\" data-location=\"\" data-keywords=\"\" data-show_filters=\"true\" data-show_pagination=\"false\" data-per_page=\"10\" data-orderby=\"featured\" data-order=\"DESC\" data-categories=\"\" data-disable-form-state-storage=\"\" data-featured_first=\"false\" data-post_id=\"526\" >\n<form class=\"job_filters\">\n\t\n\t<div class=\"search_jobs\">\n\t\t\n\t\t<div class=\"search_keywords\">\n\t\t\t<label for=\"search_keywords\">Mots-cl\u00e9s<\/label>\n\t\t\t<input type=\"text\" name=\"search_keywords\" id=\"search_keywords\" placeholder=\"Mots-cl\u00e9s\" value=\"\" \/>\n\t\t<\/div>\n\n\t\t<div class=\"search_location\">\n\t\t\t<label for=\"search_location\">Localisation<\/label>\n\t\t\t<input type=\"text\" name=\"search_location\" id=\"search_location\" placeholder=\"Localisation\" value=\"\" \/>\n\t\t<\/div>\n\n\t\t\t\t\t<div class=\"search_remote_position\">\n\t\t\t\t<input type=\"checkbox\" class=\"input-checkbox\" name=\"remote_position\" id=\"remote_position\" placeholder=\"Localisation\" value=\"1\"  \/>\n\t\t\t\t<label for=\"remote_position\" id=\"remote_position_label\">Postes en t\u00e9l\u00e9travail uniquement<\/label>\n\t\t\t<\/div>\n\t\t\n\t\t<div style=\"clear: both\"><\/div>\n\n\t\t\n\t\t\t\t\t<div class=\"search_submit\">\n\t\t\t\t<input type=\"submit\" value=\"Rechercher des offres d\u2019emploi\">\n\t\t\t<\/div>\n\t\t\n\t\t\t<\/div>\n\n\t\t<ul class=\"job_types\">\n\t\t\t<\/ul>\n\t<input type=\"hidden\" name=\"filter_job_type[]\" value=\"\" \/>\n<div class=\"showing_jobs\"><\/div><\/form>\n\n\n<noscript>Votre navigateur ne supporte pas JavaScript, ou bien JavaScript est d\u00e9sactiv\u00e9. JavaScript doit \u00eatre activ\u00e9 pour pouvoir visualiser des postes.<\/noscript>\n<ul class=\"job_listings\">\n<\/ul>\n<a class=\"load_more_jobs\" href=\"#\" style=\"display:none;\"><strong>Afficher plus d\u2019offres<\/strong><\/a><\/div>[\/vc_column_text][\/vc_column][\/vc_row]\n<\/div>","protected":false},"excerpt":{"rendered":"<p>[vc_row full_width=\u00a0\u00bbstretch_row\u00a0\u00bb el_class=\u00a0\u00bbpageHeader\u00a0\u00bb css=\u00a0\u00bb.vc_custom_1531856823579{background-image: url(http:\/\/cvbussales.com\/wp-content\/uploads\/2018\/07\/bg-careers.jpg?id=435) !important;}\u00a0\u00bb][vc_column][vc_column_text] Carri\u00e8res chez Autobus De La Cit\u00e9 [\/vc_column_text][\/vc_column][\/vc_row][vc_row el_class=\u00a0\u00bbstandardPage&#8211;padding\u00a0\u00bb][vc_column][vc_column_text] Rechercher les emplois disponibles [\/vc_column_text][\/vc_column][\/vc_row]<\/p>\n","protected":false},"author":1,"featured_media":0,"parent":0,"menu_order":0,"comment_status":"closed","ping_status":"closed","template":"template-blank-1.php","meta":{"_acf_changed":false,"inline_featured_image":false,"footnotes":""},"class_list":["post-526","page","type-page","status-publish","hentry","no-post-thumbnail"],"acf":[],"yoast_head":"<!-- This site is optimized with the Yoast SEO plugin v27.4 - https:\/\/yoast.com\/product\/yoast-seo-wordpress\/ -->\n<title>Carri\u00e8res chez Autobus De La Cit\u00e9 &#183; City View Bus Sales &amp; Service<\/title>\n<meta name=\"robots\" content=\"index, follow, max-snippet:-1, max-image-preview:large, max-video-preview:-1\" \/>\n<link rel=\"canonical\" href=\"https:\/\/cvbussales.com\/fr\/carrieres\/\" \/>\n<meta property=\"og:locale\" content=\"fr_FR\" \/>\n<meta property=\"og:type\" content=\"article\" \/>\n<meta property=\"og:title\" content=\"Carri\u00e8res chez Autobus De La Cit\u00e9 &#183; City View Bus Sales &amp; Service\" \/>\n<meta property=\"og:description\" content=\"[vc_row full_width=\u00a0\u00bbstretch_row\u00a0\u00bb el_class=\u00a0\u00bbpageHeader\u00a0\u00bb css=\u00a0\u00bb.vc_custom_1531856823579{background-image: url(http:\/\/cvbussales.com\/wp-content\/uploads\/2018\/07\/bg-careers.jpg?id=435) !important;}\u00a0\u00bb][vc_column][vc_column_text] Carri\u00e8res chez Autobus De La Cit\u00e9 [\/vc_column_text][\/vc_column][\/vc_row][vc_row el_class=\u00a0\u00bbstandardPage&#8211;padding\u00a0\u00bb][vc_column][vc_column_text] Rechercher les emplois disponibles [\/vc_column_text][\/vc_column][\/vc_row]\" \/>\n<meta property=\"og:url\" content=\"https:\/\/cvbussales.com\/fr\/carrieres\/\" \/>\n<meta property=\"og:site_name\" content=\"City View Bus Sales &amp; Service\" \/>\n<meta property=\"article:modified_time\" content=\"2018-07-18T20:58:06+00:00\" \/>\n<meta property=\"og:image\" content=\"https:\/\/cvbussales.com\/wp-content\/uploads\/2018\/07\/cvbs-opengraph.jpg\" \/>\n\t<meta property=\"og:image:width\" content=\"1200\" \/>\n\t<meta property=\"og:image:height\" content=\"630\" \/>\n\t<meta property=\"og:image:type\" content=\"image\/jpeg\" \/>\n<meta name=\"twitter:card\" content=\"summary_large_image\" \/>\n<script type=\"application\/ld+json\" class=\"yoast-schema-graph\">{\"@context\":\"https:\\\/\\\/schema.org\",\"@graph\":[{\"@type\":\"WebPage\",\"@id\":\"https:\\\/\\\/cvbussales.com\\\/fr\\\/carrieres\\\/\",\"url\":\"https:\\\/\\\/cvbussales.com\\\/fr\\\/carrieres\\\/\",\"name\":\"Carri\u00e8res chez Autobus De La Cit\u00e9 &#183; City View Bus Sales &amp; Service\",\"isPartOf\":{\"@id\":\"http:\\\/\\\/cvbussales.com\\\/fr\\\/#website\"},\"datePublished\":\"2018-07-18T20:56:52+00:00\",\"dateModified\":\"2018-07-18T20:58:06+00:00\",\"breadcrumb\":{\"@id\":\"https:\\\/\\\/cvbussales.com\\\/fr\\\/carrieres\\\/#breadcrumb\"},\"inLanguage\":\"fr-FR\",\"potentialAction\":[{\"@type\":\"ReadAction\",\"target\":[\"https:\\\/\\\/cvbussales.com\\\/fr\\\/carrieres\\\/\"]}]},{\"@type\":\"BreadcrumbList\",\"@id\":\"https:\\\/\\\/cvbussales.com\\\/fr\\\/carrieres\\\/#breadcrumb\",\"itemListElement\":[{\"@type\":\"ListItem\",\"position\":1,\"name\":\"Home\",\"item\":\"https:\\\/\\\/cvbussales.com\\\/fr\\\/\"},{\"@type\":\"ListItem\",\"position\":2,\"name\":\"Carri\u00e8res chez Autobus De La Cit\u00e9\"}]},{\"@type\":\"WebSite\",\"@id\":\"http:\\\/\\\/cvbussales.com\\\/fr\\\/#website\",\"url\":\"http:\\\/\\\/cvbussales.com\\\/fr\\\/\",\"name\":\"City View Bus Sales &amp; Service\",\"description\":\"Proudly Serving Private and Public Sectors Across Canada\",\"publisher\":{\"@id\":\"http:\\\/\\\/cvbussales.com\\\/fr\\\/#organization\"},\"potentialAction\":[{\"@type\":\"SearchAction\",\"target\":{\"@type\":\"EntryPoint\",\"urlTemplate\":\"http:\\\/\\\/cvbussales.com\\\/fr\\\/?s={search_term_string}\"},\"query-input\":{\"@type\":\"PropertyValueSpecification\",\"valueRequired\":true,\"valueName\":\"search_term_string\"}}],\"inLanguage\":\"fr-FR\"},{\"@type\":\"Organization\",\"@id\":\"http:\\\/\\\/cvbussales.com\\\/fr\\\/#organization\",\"name\":\"City View Bus Sales & Services Ltd.\",\"url\":\"http:\\\/\\\/cvbussales.com\\\/fr\\\/\",\"logo\":{\"@type\":\"ImageObject\",\"inLanguage\":\"fr-FR\",\"@id\":\"http:\\\/\\\/cvbussales.com\\\/fr\\\/#\\\/schema\\\/logo\\\/image\\\/\",\"url\":\"https:\\\/\\\/cvbussales.com\\\/wp-content\\\/uploads\\\/2018\\\/06\\\/cvbs-logo-old.png\",\"contentUrl\":\"https:\\\/\\\/cvbussales.com\\\/wp-content\\\/uploads\\\/2018\\\/06\\\/cvbs-logo-old.png\",\"width\":207,\"height\":101,\"caption\":\"City View Bus Sales & Services Ltd.\"},\"image\":{\"@id\":\"http:\\\/\\\/cvbussales.com\\\/fr\\\/#\\\/schema\\\/logo\\\/image\\\/\"}}]}<\/script>\n<!-- \/ Yoast SEO plugin. -->","yoast_head_json":{"title":"Carri\u00e8res chez Autobus De La Cit\u00e9 &#183; City View Bus Sales &amp; Service","robots":{"index":"index","follow":"follow","max-snippet":"max-snippet:-1","max-image-preview":"max-image-preview:large","max-video-preview":"max-video-preview:-1"},"canonical":"https:\/\/cvbussales.com\/fr\/carrieres\/","og_locale":"fr_FR","og_type":"article","og_title":"Carri\u00e8res chez Autobus De La Cit\u00e9 &#183; City View Bus Sales &amp; Service","og_description":"[vc_row full_width=\u00a0\u00bbstretch_row\u00a0\u00bb el_class=\u00a0\u00bbpageHeader\u00a0\u00bb css=\u00a0\u00bb.vc_custom_1531856823579{background-image: url(http:\/\/cvbussales.com\/wp-content\/uploads\/2018\/07\/bg-careers.jpg?id=435) !important;}\u00a0\u00bb][vc_column][vc_column_text] Carri\u00e8res chez Autobus De La Cit\u00e9 [\/vc_column_text][\/vc_column][\/vc_row][vc_row el_class=\u00a0\u00bbstandardPage&#8211;padding\u00a0\u00bb][vc_column][vc_column_text] Rechercher les emplois disponibles [\/vc_column_text][\/vc_column][\/vc_row]","og_url":"https:\/\/cvbussales.com\/fr\/carrieres\/","og_site_name":"City View Bus Sales &amp; Service","article_modified_time":"2018-07-18T20:58:06+00:00","og_image":[{"width":1200,"height":630,"url":"https:\/\/cvbussales.com\/wp-content\/uploads\/2018\/07\/cvbs-opengraph.jpg","type":"image\/jpeg"}],"twitter_card":"summary_large_image","schema":{"@context":"https:\/\/schema.org","@graph":[{"@type":"WebPage","@id":"https:\/\/cvbussales.com\/fr\/carrieres\/","url":"https:\/\/cvbussales.com\/fr\/carrieres\/","name":"Carri\u00e8res chez Autobus De La Cit\u00e9 &#183; City View Bus Sales &amp; Service","isPartOf":{"@id":"http:\/\/cvbussales.com\/fr\/#website"},"datePublished":"2018-07-18T20:56:52+00:00","dateModified":"2018-07-18T20:58:06+00:00","breadcrumb":{"@id":"https:\/\/cvbussales.com\/fr\/carrieres\/#breadcrumb"},"inLanguage":"fr-FR","potentialAction":[{"@type":"ReadAction","target":["https:\/\/cvbussales.com\/fr\/carrieres\/"]}]},{"@type":"BreadcrumbList","@id":"https:\/\/cvbussales.com\/fr\/carrieres\/#breadcrumb","itemListElement":[{"@type":"ListItem","position":1,"name":"Home","item":"https:\/\/cvbussales.com\/fr\/"},{"@type":"ListItem","position":2,"name":"Carri\u00e8res chez Autobus De La Cit\u00e9"}]},{"@type":"WebSite","@id":"http:\/\/cvbussales.com\/fr\/#website","url":"http:\/\/cvbussales.com\/fr\/","name":"City View Bus Sales &amp; Service","description":"Proudly Serving Private and Public Sectors Across Canada","publisher":{"@id":"http:\/\/cvbussales.com\/fr\/#organization"},"potentialAction":[{"@type":"SearchAction","target":{"@type":"EntryPoint","urlTemplate":"http:\/\/cvbussales.com\/fr\/?s={search_term_string}"},"query-input":{"@type":"PropertyValueSpecification","valueRequired":true,"valueName":"search_term_string"}}],"inLanguage":"fr-FR"},{"@type":"Organization","@id":"http:\/\/cvbussales.com\/fr\/#organization","name":"City View Bus Sales & Services Ltd.","url":"http:\/\/cvbussales.com\/fr\/","logo":{"@type":"ImageObject","inLanguage":"fr-FR","@id":"http:\/\/cvbussales.com\/fr\/#\/schema\/logo\/image\/","url":"https:\/\/cvbussales.com\/wp-content\/uploads\/2018\/06\/cvbs-logo-old.png","contentUrl":"https:\/\/cvbussales.com\/wp-content\/uploads\/2018\/06\/cvbs-logo-old.png","width":207,"height":101,"caption":"City View Bus Sales & Services Ltd."},"image":{"@id":"http:\/\/cvbussales.com\/fr\/#\/schema\/logo\/image\/"}}]}},"_links":{"self":[{"href":"https:\/\/cvbussales.com\/fr\/wp-json\/wp\/v2\/pages\/526","targetHints":{"allow":["GET"]}}],"collection":[{"href":"https:\/\/cvbussales.com\/fr\/wp-json\/wp\/v2\/pages"}],"about":[{"href":"https:\/\/cvbussales.com\/fr\/wp-json\/wp\/v2\/types\/page"}],"author":[{"embeddable":true,"href":"https:\/\/cvbussales.com\/fr\/wp-json\/wp\/v2\/users\/1"}],"replies":[{"embeddable":true,"href":"https:\/\/cvbussales.com\/fr\/wp-json\/wp\/v2\/comments?post=526"}],"version-history":[{"count":1,"href":"https:\/\/cvbussales.com\/fr\/wp-json\/wp\/v2\/pages\/526\/revisions"}],"predecessor-version":[{"id":528,"href":"https:\/\/cvbussales.com\/fr\/wp-json\/wp\/v2\/pages\/526\/revisions\/528"}],"wp:attachment":[{"href":"https:\/\/cvbussales.com\/fr\/wp-json\/wp\/v2\/media?parent=526"}],"curies":[{"name":"wp","href":"https:\/\/api.w.org\/{rel}","templated":true}]}}