{"id":518,"date":"2018-07-18T16:54:43","date_gmt":"2018-07-18T20:54:43","guid":{"rendered":"http:\/\/cvbussales.com\/?page_id=518"},"modified":"2019-03-29T12:58:57","modified_gmt":"2019-03-29T16:58:57","slug":"a-propos","status":"publish","type":"page","link":"https:\/\/cvbussales.com\/fr\/a-propos\/","title":{"rendered":"\u00c0 propos"},"content":{"rendered":"<div class=\"wpb-content-wrapper\">[vc_row full_width=\u00a0\u00bbstretch_row\u00a0\u00bb el_class=\u00a0\u00bbpageHeader\u00a0\u00bb css=\u00a0\u00bb.vc_custom_1553878731531{background-image: url(https:\/\/cvbussales.com\/wp-content\/uploads\/2019\/03\/about-bg.jpg?id=1750) !important;}\u00a0\u00bb][vc_column][vc_column_text]\n<h1>\u00c0 propos\u00a0Autobus De La Cit\u00e9<\/h1>\n<p>Autobus De La Cit\u00e9 Vente et Service Lt\u00e9e. est le concessionnaire autoris\u00e9 exclusif d\u2019ElDorado National pour l\u2019Est du Canada.[\/vc_column_text][\/vc_column][\/vc_row][vc_row full_width=\u00a0\u00bbstretch_row\u00a0\u00bb el_class=\u00a0\u00bbabout__descFirst\u00a0\u00bb css=\u00a0\u00bb.vc_custom_1531167112560{background-image: url(http:\/\/cvbussales.com\/wp-content\/uploads\/2018\/07\/container-corner-gear-svg.svg?id=354) !important;}\u00a0\u00bb][vc_column][vc_column_text]Nous sommes \u00e9galement un concessionnaire autoris\u00e9 Alexander-Dennis, le fournisseur principal d\u2019autocars \u00e0 deux \u00e9tages. Autobus De La Cit\u00e9 offre une large gamme de mod\u00e8les \u00e0 l\u2019industrie. Autobus De La Cit\u00e9 Vente et Service est le fournisseur principal d\u2019autobus de poids moyen \u00e0 plancher surbaiss\u00e9 (30\/35 pieds) dans l\u2019est du Canada. Nous distribuons aussi de nombreux types de Mini Bus chaque ann\u00e9e tels que des services de transports en commun pour les services de transport de personnes \u00e0 mobilit\u00e9 r\u00e9duite, des organismes \u00e0 but non lucratif et des agences de visites touristiques. En tant que centre de vente et de service, Autobus De La Cit\u00e9 Vente et Service est pr\u00e9sent dans trois villes de l\u2019est du Canada, Toronto, Ottawa et Montr\u00e9al. Notre d\u00e9partement de pi\u00e8ces est con\u00e7u et mis en place pour soutenir toutes les gammes de produits. Autobus De La Cit\u00e9 a les ressources pour effectuer des r\u00e9parations ou la modernisation\/mises \u00e0 niveau de parcs de v\u00e9hicules, dans les installations du client ou dans nos installations locales.<\/p>\n<p>Autobus De La Cit\u00e9 Vente et Service a \u00e9t\u00e9 fond\u00e9 en 1999 et est une fi\u00e8re soci\u00e9t\u00e9 canadienne, exploit\u00e9e au Canada.[\/vc_column_text][\/vc_column][\/vc_row][vc_row full_width=\u00a0\u00bbstretch_row_content_no_spaces\u00a0\u00bb equal_height=\u00a0\u00bbyes\u00a0\u00bb content_placement=\u00a0\u00bbmiddle\u00a0\u00bb el_class=\u00a0\u00bbabout__blocks\u00a0\u00bb][vc_column el_class=\u00a0\u00bbabout__block about__block&#8211;bg\u00a0\u00bb css=\u00a0\u00bb.vc_custom_1532718434802{background-image: url(http:\/\/cvbussales.com\/wp-content\/uploads\/2018\/07\/bg-missionstatement.jpg?id=432) !important;}\u00a0\u00bb offset=\u00a0\u00bbvc_col-md-6&Prime;][vc_column_text]<i class=\"fal fa-compass\"><\/i>\n<h2>Notre Mission<\/h2>\n<p>C\u2019est la mission d\u2019Autobus De La Cit\u00e9 Ventes et Service de fournir des autobus et des produits connexes d\u2019autobus \u00e0 la fois aux secteurs priv\u00e9s et publics, et ce, partout au Canada, ainsi que de partager leurs connaissances qui r\u00e9pondent aux d\u00e9sirs et besoins des clients, et ce, au bon prix, d\u00e8s la premi\u00e8re fois. Notre personnel accueillant, comp\u00e9tent et professionnel aidera notre client\u00e8le, \u00e0 la formation et \u00e0 la r\u00e9solution des probl\u00e9matiques, du d\u00e9but \u00e0 la fin.[\/vc_column_text][\/vc_column][vc_column css=\u00a0\u00bb.vc_custom_1532718445197{background: #f1f2f2 url(http:\/\/cvbussales.com\/wp-content\/uploads\/2018\/07\/bg-safety.jpg?id=433) !important;}\u00a0\u00bb el_class=\u00a0\u00bbabout__block about__block&#8211;bg\u00a0\u00bb offset=\u00a0\u00bbvc_col-md-6&Prime;][vc_column_text]<i class=\"fal fa-medkit\"><\/i>\n<h2>S\u00e9curit\u00e9<\/h2>\n<p>Autobus De La Cite valorise la s\u00e9curit\u00e9, celle de notre personnel et celle de nos clients. Tous nos techniciens ont suivi dans nos installations une formation sur les premiers soins\/RCP et la pr\u00e9vention des incendies. Chaque v\u00e9hicule sortant de nos installations apr\u00e8s une r\u00e9paration est assujetti \u00e0 un contr\u00f4le\/v\u00e9rification de 14 points effectu\u00e9 par nos techniciens certifi\u00e9s avant d\u2019\u00eatre remis au client.[\/vc_column_text][\/vc_column][\/vc_row][vc_row full_width=\u00a0\u00bbstretch_row\u00a0\u00bb el_class=\u00a0\u00bbabout__environmental\u00a0\u00bb css=\u00a0\u00bb.vc_custom_1531856480764{background-image: url(http:\/\/cvbussales.com\/wp-content\/uploads\/2018\/07\/bg-environmental.jpg?id=431) !important;}\u00a0\u00bb][vc_column][vc_column_text]\n<h2>Efforts environnementaux<\/h2>\n<p>Autobus De La Cit\u00e9 Vente et Service Lt\u00e9e. est engag\u00e9 \u00e0 utiliser des pratiques \u00e9cologiques durables partout o\u00f9 cela est possible. Les transports en commun aident \u00e0 retirer des voitures de la circulation routi\u00e8re, r\u00e9duisant ainsi les \u00e9missions de gaz \u00e0 effet de serre et am\u00e9liorant la qualit\u00e9 de l\u2019air que nous respirons. Le fait de maintenir votre parc d\u2019autobus et de camions en meilleur \u00e9tat m\u00e9canique possible aide au rendement et \u00e0 l\u2019optimisation de votre consommation de carburant et \u00e0 la r\u00e9duction d\u2019\u00e9mission des polluants. Autobus De La Cit\u00e9 Vente et Service se fera un plaisir de vous aider \u00e0 envisager des options \u00e9cologiques modernes, des autobus hybrides et \u00e0 hydrog\u00e8ne aux technologies GNC et GNL, en passant par le biodiesel. Nous soutenons et faisons la promotion du recyclage de tous les d\u00e9chets, qu\u2019il s\u2019agisse de pneus us\u00e9s ou de produits p\u00e9troliers. Au Canada, nous sommes le fournisseur de services pour les syst\u00e8mes hybrides B.A.E.<\/p>\n<p>Permettez \u00e0 Autobus De La Cit\u00e9 de vous aider \u00e0 vous guider vers un avenir plus vert.[\/vc_column_text][vc_btn title=\u00a0\u00bbVoir nos solutions de carburants alternatifs\u00a0\u00bb style=\u00a0\u00bbflat\u00a0\u00bb color=\u00a0\u00bbwhite\u00a0\u00bb size=\u00a0\u00bblg\u00a0\u00bb i_icon_fontawesome=\u00a0\u00bbfa fa-leaf\u00a0\u00bb add_icon=\u00a0\u00bbtrue\u00a0\u00bb link=\u00a0\u00bburl:http%3A%2F%2Fcvbussales.com%2Ffr%2Fcarburants-alternatifs%2F|||\u00a0\u00bb][\/vc_column][\/vc_row]\n<\/div>","protected":false},"excerpt":{"rendered":"<p>[vc_row full_width=\u00a0\u00bbstretch_row\u00a0\u00bb el_class=\u00a0\u00bbpageHeader\u00a0\u00bb css=\u00a0\u00bb.vc_custom_1553878731531{background-image: url(https:\/\/cvbussales.com\/wp-content\/uploads\/2019\/03\/about-bg.jpg?id=1750) !important;}\u00a0\u00bb][vc_column][vc_column_text] \u00c0 propos\u00a0Autobus De La Cit\u00e9 Autobus De La Cit\u00e9 Vente et Service Lt\u00e9e. est le concessionnaire autoris\u00e9 exclusif &#8230; <\/p>\n<div><a href=\"https:\/\/cvbussales.com\/fr\/a-propos\/\" class=\"more-link\">Read More<\/a><\/div>\n","protected":false},"author":1,"featured_media":0,"parent":0,"menu_order":0,"comment_status":"closed","ping_status":"closed","template":"template-blank-1.php","meta":{"_acf_changed":false,"inline_featured_image":false,"footnotes":""},"class_list":["post-518","page","type-page","status-publish","hentry","no-post-thumbnail"],"acf":[],"yoast_head":"<!-- This site is optimized with the Yoast SEO plugin v27.3 - https:\/\/yoast.com\/product\/yoast-seo-wordpress\/ -->\n<title>\u00c0 propos &#183; City View Bus Sales &amp; Service<\/title>\n<meta name=\"robots\" content=\"index, follow, max-snippet:-1, max-image-preview:large, max-video-preview:-1\" \/>\n<link rel=\"canonical\" href=\"https:\/\/cvbussales.com\/fr\/a-propos\/\" \/>\n<meta property=\"og:locale\" content=\"fr_FR\" \/>\n<meta property=\"og:type\" content=\"article\" \/>\n<meta property=\"og:title\" content=\"\u00c0 propos &#183; City View Bus Sales &amp; Service\" \/>\n<meta property=\"og:description\" content=\"[vc_row full_width=\u00a0\u00bbstretch_row\u00a0\u00bb el_class=\u00a0\u00bbpageHeader\u00a0\u00bb css=\u00a0\u00bb.vc_custom_1553878731531{background-image: url(https:\/\/cvbussales.com\/wp-content\/uploads\/2019\/03\/about-bg.jpg?id=1750) !important;}\u00a0\u00bb][vc_column][vc_column_text] \u00c0 propos\u00a0Autobus De La Cit\u00e9 Autobus De La Cit\u00e9 Vente et Service Lt\u00e9e. est le concessionnaire autoris\u00e9 exclusif ... Read More\" \/>\n<meta property=\"og:url\" content=\"https:\/\/cvbussales.com\/fr\/a-propos\/\" \/>\n<meta property=\"og:site_name\" content=\"City View Bus Sales &amp; Service\" \/>\n<meta property=\"article:modified_time\" content=\"2019-03-29T16:58:57+00:00\" \/>\n<meta property=\"og:image\" content=\"https:\/\/cvbussales.com\/wp-content\/uploads\/2018\/07\/cvbs-opengraph.jpg\" \/>\n\t<meta property=\"og:image:width\" content=\"1200\" \/>\n\t<meta property=\"og:image:height\" content=\"630\" \/>\n\t<meta property=\"og:image:type\" content=\"image\/jpeg\" \/>\n<meta name=\"twitter:card\" content=\"summary_large_image\" \/>\n<meta name=\"twitter:label1\" content=\"Dur\u00e9e de lecture estim\u00e9e\" \/>\n\t<meta name=\"twitter:data1\" content=\"4 minutes\" \/>\n<script type=\"application\/ld+json\" class=\"yoast-schema-graph\">{\"@context\":\"https:\\\/\\\/schema.org\",\"@graph\":[{\"@type\":\"WebPage\",\"@id\":\"https:\\\/\\\/cvbussales.com\\\/fr\\\/a-propos\\\/\",\"url\":\"https:\\\/\\\/cvbussales.com\\\/fr\\\/a-propos\\\/\",\"name\":\"\u00c0 propos &#183; City View Bus Sales &amp; Service\",\"isPartOf\":{\"@id\":\"http:\\\/\\\/cvbussales.com\\\/fr\\\/#website\"},\"datePublished\":\"2018-07-18T20:54:43+00:00\",\"dateModified\":\"2019-03-29T16:58:57+00:00\",\"breadcrumb\":{\"@id\":\"https:\\\/\\\/cvbussales.com\\\/fr\\\/a-propos\\\/#breadcrumb\"},\"inLanguage\":\"fr-FR\",\"potentialAction\":[{\"@type\":\"ReadAction\",\"target\":[\"https:\\\/\\\/cvbussales.com\\\/fr\\\/a-propos\\\/\"]}]},{\"@type\":\"BreadcrumbList\",\"@id\":\"https:\\\/\\\/cvbussales.com\\\/fr\\\/a-propos\\\/#breadcrumb\",\"itemListElement\":[{\"@type\":\"ListItem\",\"position\":1,\"name\":\"Home\",\"item\":\"https:\\\/\\\/cvbussales.com\\\/fr\\\/\"},{\"@type\":\"ListItem\",\"position\":2,\"name\":\"\u00c0 propos\"}]},{\"@type\":\"WebSite\",\"@id\":\"http:\\\/\\\/cvbussales.com\\\/fr\\\/#website\",\"url\":\"http:\\\/\\\/cvbussales.com\\\/fr\\\/\",\"name\":\"City View Bus Sales &amp; Service\",\"description\":\"Proudly Serving Private and Public Sectors Across Canada\",\"publisher\":{\"@id\":\"http:\\\/\\\/cvbussales.com\\\/fr\\\/#organization\"},\"potentialAction\":[{\"@type\":\"SearchAction\",\"target\":{\"@type\":\"EntryPoint\",\"urlTemplate\":\"http:\\\/\\\/cvbussales.com\\\/fr\\\/?s={search_term_string}\"},\"query-input\":{\"@type\":\"PropertyValueSpecification\",\"valueRequired\":true,\"valueName\":\"search_term_string\"}}],\"inLanguage\":\"fr-FR\"},{\"@type\":\"Organization\",\"@id\":\"http:\\\/\\\/cvbussales.com\\\/fr\\\/#organization\",\"name\":\"City View Bus Sales & Services Ltd.\",\"url\":\"http:\\\/\\\/cvbussales.com\\\/fr\\\/\",\"logo\":{\"@type\":\"ImageObject\",\"inLanguage\":\"fr-FR\",\"@id\":\"http:\\\/\\\/cvbussales.com\\\/fr\\\/#\\\/schema\\\/logo\\\/image\\\/\",\"url\":\"https:\\\/\\\/cvbussales.com\\\/wp-content\\\/uploads\\\/2018\\\/06\\\/cvbs-logo-old.png\",\"contentUrl\":\"https:\\\/\\\/cvbussales.com\\\/wp-content\\\/uploads\\\/2018\\\/06\\\/cvbs-logo-old.png\",\"width\":207,\"height\":101,\"caption\":\"City View Bus Sales & Services Ltd.\"},\"image\":{\"@id\":\"http:\\\/\\\/cvbussales.com\\\/fr\\\/#\\\/schema\\\/logo\\\/image\\\/\"}}]}<\/script>\n<!-- \/ Yoast SEO plugin. -->","yoast_head_json":{"title":"\u00c0 propos &#183; City View Bus Sales &amp; Service","robots":{"index":"index","follow":"follow","max-snippet":"max-snippet:-1","max-image-preview":"max-image-preview:large","max-video-preview":"max-video-preview:-1"},"canonical":"https:\/\/cvbussales.com\/fr\/a-propos\/","og_locale":"fr_FR","og_type":"article","og_title":"\u00c0 propos &#183; City View Bus Sales &amp; Service","og_description":"[vc_row full_width=\u00a0\u00bbstretch_row\u00a0\u00bb el_class=\u00a0\u00bbpageHeader\u00a0\u00bb css=\u00a0\u00bb.vc_custom_1553878731531{background-image: url(https:\/\/cvbussales.com\/wp-content\/uploads\/2019\/03\/about-bg.jpg?id=1750) !important;}\u00a0\u00bb][vc_column][vc_column_text] \u00c0 propos\u00a0Autobus De La Cit\u00e9 Autobus De La Cit\u00e9 Vente et Service Lt\u00e9e. est le concessionnaire autoris\u00e9 exclusif ... Read More","og_url":"https:\/\/cvbussales.com\/fr\/a-propos\/","og_site_name":"City View Bus Sales &amp; Service","article_modified_time":"2019-03-29T16:58:57+00:00","og_image":[{"width":1200,"height":630,"url":"https:\/\/cvbussales.com\/wp-content\/uploads\/2018\/07\/cvbs-opengraph.jpg","type":"image\/jpeg"}],"twitter_card":"summary_large_image","twitter_misc":{"Dur\u00e9e de lecture estim\u00e9e":"4 minutes"},"schema":{"@context":"https:\/\/schema.org","@graph":[{"@type":"WebPage","@id":"https:\/\/cvbussales.com\/fr\/a-propos\/","url":"https:\/\/cvbussales.com\/fr\/a-propos\/","name":"\u00c0 propos &#183; City View Bus Sales &amp; Service","isPartOf":{"@id":"http:\/\/cvbussales.com\/fr\/#website"},"datePublished":"2018-07-18T20:54:43+00:00","dateModified":"2019-03-29T16:58:57+00:00","breadcrumb":{"@id":"https:\/\/cvbussales.com\/fr\/a-propos\/#breadcrumb"},"inLanguage":"fr-FR","potentialAction":[{"@type":"ReadAction","target":["https:\/\/cvbussales.com\/fr\/a-propos\/"]}]},{"@type":"BreadcrumbList","@id":"https:\/\/cvbussales.com\/fr\/a-propos\/#breadcrumb","itemListElement":[{"@type":"ListItem","position":1,"name":"Home","item":"https:\/\/cvbussales.com\/fr\/"},{"@type":"ListItem","position":2,"name":"\u00c0 propos"}]},{"@type":"WebSite","@id":"http:\/\/cvbussales.com\/fr\/#website","url":"http:\/\/cvbussales.com\/fr\/","name":"City View Bus Sales &amp; Service","description":"Proudly Serving Private and Public Sectors Across Canada","publisher":{"@id":"http:\/\/cvbussales.com\/fr\/#organization"},"potentialAction":[{"@type":"SearchAction","target":{"@type":"EntryPoint","urlTemplate":"http:\/\/cvbussales.com\/fr\/?s={search_term_string}"},"query-input":{"@type":"PropertyValueSpecification","valueRequired":true,"valueName":"search_term_string"}}],"inLanguage":"fr-FR"},{"@type":"Organization","@id":"http:\/\/cvbussales.com\/fr\/#organization","name":"City View Bus Sales & Services Ltd.","url":"http:\/\/cvbussales.com\/fr\/","logo":{"@type":"ImageObject","inLanguage":"fr-FR","@id":"http:\/\/cvbussales.com\/fr\/#\/schema\/logo\/image\/","url":"https:\/\/cvbussales.com\/wp-content\/uploads\/2018\/06\/cvbs-logo-old.png","contentUrl":"https:\/\/cvbussales.com\/wp-content\/uploads\/2018\/06\/cvbs-logo-old.png","width":207,"height":101,"caption":"City View Bus Sales & Services Ltd."},"image":{"@id":"http:\/\/cvbussales.com\/fr\/#\/schema\/logo\/image\/"}}]}},"_links":{"self":[{"href":"https:\/\/cvbussales.com\/fr\/wp-json\/wp\/v2\/pages\/518","targetHints":{"allow":["GET"]}}],"collection":[{"href":"https:\/\/cvbussales.com\/fr\/wp-json\/wp\/v2\/pages"}],"about":[{"href":"https:\/\/cvbussales.com\/fr\/wp-json\/wp\/v2\/types\/page"}],"author":[{"embeddable":true,"href":"https:\/\/cvbussales.com\/fr\/wp-json\/wp\/v2\/users\/1"}],"replies":[{"embeddable":true,"href":"https:\/\/cvbussales.com\/fr\/wp-json\/wp\/v2\/comments?post=518"}],"version-history":[{"count":5,"href":"https:\/\/cvbussales.com\/fr\/wp-json\/wp\/v2\/pages\/518\/revisions"}],"predecessor-version":[{"id":1752,"href":"https:\/\/cvbussales.com\/fr\/wp-json\/wp\/v2\/pages\/518\/revisions\/1752"}],"wp:attachment":[{"href":"https:\/\/cvbussales.com\/fr\/wp-json\/wp\/v2\/media?parent=518"}],"curies":[{"name":"wp","href":"https:\/\/api.w.org\/{rel}","templated":true}]}}