{"id":493,"date":"2018-07-18T16:16:43","date_gmt":"2018-07-18T20:16:43","guid":{"rendered":"http:\/\/cvbussales.com\/?page_id=493"},"modified":"2019-03-28T11:41:58","modified_gmt":"2019-03-28T15:41:58","slug":"service","status":"publish","type":"page","link":"https:\/\/cvbussales.com\/fr\/service\/","title":{"rendered":"Notre Service"},"content":{"rendered":"<div class=\"wpb-content-wrapper\">[vc_row full_width=\u00a0\u00bbstretch_row\u00a0\u00bb el_class=\u00a0\u00bbpageHeader\u00a0\u00bb css=\u00a0\u00bb.vc_custom_1553787713594{background-image: url(https:\/\/cvbussales.com\/wp-content\/uploads\/2019\/03\/bg-blue-services.jpg?id=1730) !important;}\u00a0\u00bb][vc_column][vc_column_text]\n<h1>Notre Service<\/h1>\n[\/vc_column_text][\/vc_column][\/vc_row][vc_row el_class=\u00a0\u00bbservices__descFirst\u00a0\u00bb][vc_column][vc_column_text el_class=\u00a0\u00bbmainTextBlock\u00a0\u00bb]Nous savons qu\u2019il est essentiel pour vous que votre autobus reste en parfait \u00e9tat m\u00e9canique. C\u2019est pourquoi nos installations sont dot\u00e9es de techniciens form\u00e9s en usine et sont \u00e9quip\u00e9es et pr\u00eats \u00e0 effectuer le travail requis. Autobus De La Cit\u00e9 Vente et Service a une installation de maintenance et d\u2019entretien totalement \u00e9quip\u00e9e et le centre d\u2019inspection d\u00e9sign\u00e9e du MTO. Nos services varient du diagnostic de moteur aux remplacements de composantes majeures en passant par les r\u00e9visions g\u00e9n\u00e9rales.<\/p>\n<p>Nous techniciens du service form\u00e9s en usine et notre personnel de soutien mettent constamment \u00e0 jour leurs connaissances pour \u00eatre en mesure de suivre la technologie en \u00e9volution permanente. Nos conseillers du service peuvent vous offrir des forfaits de maintenance pr\u00e9ventive ou sous contrat qui sont adapt\u00e9s \u00e0 vos besoins.<\/p>\n<p>Le d\u00e9partement de service d\u2019Autobus De La Cit\u00e9 est engag\u00e9 \u00e0 offrir la plus haute qualit\u00e9 de service possible. Notre personnel et nos techniciens de services sont courtois et tr\u00e8s inform\u00e9s, ils sont form\u00e9s pour vous aider \u00e0 r\u00e9pondre \u00e0 tous vos besoins en mati\u00e8re de service.[\/vc_column_text][\/vc_column][\/vc_row][vc_row full_width=\u00a0\u00bbstretch_row\u00a0\u00bb el_class=\u00a0\u00bbthinBanner\u00a0\u00bb css=\u00a0\u00bb.vc_custom_1553787696988{background-color: #142f53 !important;}\u00a0\u00bb][vc_column][vc_column_text]Autobus De La Cit\u00e9 vous offre un guichet unique pour tous vos besoins en mati\u00e8re d\u2019autobus.[\/vc_column_text][\/vc_column][\/vc_row][vc_section full_width=\u00a0\u00bbstretch_row\u00a0\u00bb el_class=\u00a0\u00bbservices__grid\u00a0\u00bb css=\u00a0\u00bb.vc_custom_1531318310697{background-image: url(http:\/\/cvbussales.com\/wp-content\/uploads\/2018\/06\/bg-01.jpg?id=89) !important;}\u00a0\u00bb][vc_row][vc_column][vc_column_text]\n<h1>Notre gamme de services comprend<\/h1>\n[\/vc_column_text][\/vc_column][\/vc_row][vc_row][vc_column width=\u00a0\u00bb1\/3&Prime;][vc_cta h2=\u00a0\u00bb\u00a0\u00bb txt_align=\u00a0\u00bbcenter\u00a0\u00bb style=\u00a0\u00bboutline\u00a0\u00bb color=\u00a0\u00bbwhite\u00a0\u00bb add_button=\u00a0\u00bbbottom\u00a0\u00bb btn_title=\u00a0\u00bbSelect\u00a0\u00bb btn_style=\u00a0\u00bboutline\u00a0\u00bb btn_color=\u00a0\u00bbwhite\u00a0\u00bb btn_size=\u00a0\u00bblg\u00a0\u00bb btn_align=\u00a0\u00bbcenter\u00a0\u00bb btn_i_icon_fontawesome=\u00a0\u00bbfa fa-check-circle\u00a0\u00bb btn_add_icon=\u00a0\u00bbtrue\u00a0\u00bb btn_link=\u00a0\u00bburl:http%3A%2F%2Fcvbussales.com%2Ffr%2Fcontactez-nous%2F%3Finquiry%3DServices%26service%3DHybrid%20Repair%20And%20Upgrades|||\u00a0\u00bb el_class=\u00a0\u00bbctaBox&#8211;square\u00a0\u00bb]<i class=\"fal fa-seedling\"><\/i>\n<h2>R\u00e9paration et mise \u00e0 niveau Hybride<\/h2>\n[\/vc_cta][\/vc_column][vc_column width=\u00a0\u00bb1\/3&Prime;][vc_cta h2=\u00a0\u00bb\u00a0\u00bb txt_align=\u00a0\u00bbcenter\u00a0\u00bb style=\u00a0\u00bboutline\u00a0\u00bb color=\u00a0\u00bbwhite\u00a0\u00bb add_button=\u00a0\u00bbbottom\u00a0\u00bb btn_title=\u00a0\u00bbSelect\u00a0\u00bb btn_style=\u00a0\u00bboutline\u00a0\u00bb btn_color=\u00a0\u00bbwhite\u00a0\u00bb btn_size=\u00a0\u00bblg\u00a0\u00bb btn_align=\u00a0\u00bbcenter\u00a0\u00bb btn_i_icon_fontawesome=\u00a0\u00bbfa fa-check-circle\u00a0\u00bb btn_add_icon=\u00a0\u00bbtrue\u00a0\u00bb btn_link=\u00a0\u00bburl:http%3A%2F%2Fcvbussales.com%2Ffr%2Fcontactez-nous%2F%3Finquiry%3DServices%26service%3DFleet%20Maintenance|||\u00a0\u00bb el_class=\u00a0\u00bbctaBox&#8211;square\u00a0\u00bb]<i class=\"fal fa-bus\"><\/i>\n<h2>Maintenance de flotte<\/h2>\n[\/vc_cta][\/vc_column][vc_column width=\u00a0\u00bb1\/3&Prime;][vc_cta h2=\u00a0\u00bb\u00a0\u00bb txt_align=\u00a0\u00bbcenter\u00a0\u00bb style=\u00a0\u00bboutline\u00a0\u00bb color=\u00a0\u00bbwhite\u00a0\u00bb add_button=\u00a0\u00bbbottom\u00a0\u00bb btn_title=\u00a0\u00bbSelect\u00a0\u00bb btn_style=\u00a0\u00bboutline\u00a0\u00bb btn_color=\u00a0\u00bbwhite\u00a0\u00bb btn_size=\u00a0\u00bblg\u00a0\u00bb btn_align=\u00a0\u00bbcenter\u00a0\u00bb btn_i_icon_fontawesome=\u00a0\u00bbfa fa-check-circle\u00a0\u00bb btn_add_icon=\u00a0\u00bbtrue\u00a0\u00bb btn_link=\u00a0\u00bburl:http%3A%2F%2Fcvbussales.com%2Ffr%2Fcontactez-nous%2F%3Finquiry%3DServices%26service%3DMobile%20Repair|||\u00a0\u00bb el_class=\u00a0\u00bbctaBox&#8211;square\u00a0\u00bb]<i class=\"fal fa-shipping-fast\"><\/i>\n<h2>Service mobile de r\u00e9paration<\/h2>\n[\/vc_cta][\/vc_column][\/vc_row][vc_row][vc_column width=\u00a0\u00bb1\/3&Prime;][vc_cta h2=\u00a0\u00bb\u00a0\u00bb txt_align=\u00a0\u00bbcenter\u00a0\u00bb style=\u00a0\u00bboutline\u00a0\u00bb color=\u00a0\u00bbwhite\u00a0\u00bb add_button=\u00a0\u00bbbottom\u00a0\u00bb btn_title=\u00a0\u00bbSelect\u00a0\u00bb btn_style=\u00a0\u00bboutline\u00a0\u00bb btn_color=\u00a0\u00bbwhite\u00a0\u00bb btn_size=\u00a0\u00bblg\u00a0\u00bb btn_align=\u00a0\u00bbcenter\u00a0\u00bb btn_i_icon_fontawesome=\u00a0\u00bbfa fa-check-circle\u00a0\u00bb btn_add_icon=\u00a0\u00bbtrue\u00a0\u00bb btn_link=\u00a0\u00bburl:http%3A%2F%2Fcvbussales.com%2Ffr%2Fcontactez-nous%2F%3Finquiry%3DServices%26service%3DEngine%20Rebuilds|||\u00a0\u00bb el_class=\u00a0\u00bbctaBox&#8211;square\u00a0\u00bb]<i class=\"fal fa-cogs\"><\/i>\n<h2>Reconstruction de moteur<\/h2>\n[\/vc_cta][\/vc_column][vc_column width=\u00a0\u00bb1\/3&Prime;][vc_cta h2=\u00a0\u00bb\u00a0\u00bb txt_align=\u00a0\u00bbcenter\u00a0\u00bb style=\u00a0\u00bboutline\u00a0\u00bb color=\u00a0\u00bbwhite\u00a0\u00bb add_button=\u00a0\u00bbbottom\u00a0\u00bb btn_title=\u00a0\u00bbSelect\u00a0\u00bb btn_style=\u00a0\u00bboutline\u00a0\u00bb btn_color=\u00a0\u00bbwhite\u00a0\u00bb btn_size=\u00a0\u00bblg\u00a0\u00bb btn_align=\u00a0\u00bbcenter\u00a0\u00bb btn_i_icon_fontawesome=\u00a0\u00bbfa fa-check-circle\u00a0\u00bb btn_add_icon=\u00a0\u00bbtrue\u00a0\u00bb btn_link=\u00a0\u00bburl:http%3A%2F%2Fcvbussales.com%2Ffr%2Fcontactez-nous%2F%3Finquiry%3DServices%26service%3DSafety%20Inspections|||\u00a0\u00bb el_class=\u00a0\u00bbctaBox&#8211;square\u00a0\u00bb]<i class=\"fal fa-stethoscope\"><\/i>\n<h2>Inspections de s\u00e9curit\u00e9<\/h2>\n[\/vc_cta][\/vc_column][vc_column width=\u00a0\u00bb1\/3&Prime;][vc_cta h2=\u00a0\u00bb\u00a0\u00bb txt_align=\u00a0\u00bbcenter\u00a0\u00bb style=\u00a0\u00bboutline\u00a0\u00bb color=\u00a0\u00bbwhite\u00a0\u00bb add_button=\u00a0\u00bbbottom\u00a0\u00bb btn_title=\u00a0\u00bbSelect\u00a0\u00bb btn_style=\u00a0\u00bboutline\u00a0\u00bb btn_color=\u00a0\u00bbwhite\u00a0\u00bb btn_size=\u00a0\u00bblg\u00a0\u00bb btn_align=\u00a0\u00bbcenter\u00a0\u00bb btn_i_icon_fontawesome=\u00a0\u00bbfa fa-check-circle\u00a0\u00bb btn_add_icon=\u00a0\u00bbtrue\u00a0\u00bb btn_link=\u00a0\u00bburl:http%3A%2F%2Fcvbussales.com%2Ffr%2Fcontactez-nous%2F%3Finquiry%3DServices%26service%3DDPF%20Filter%20Cleaning|||\u00a0\u00bb el_class=\u00a0\u00bbctaBox&#8211;square\u00a0\u00bb]<i class=\"fal fa-broom\"><\/i>\n<h2>Nettoyage du filtre DPF<\/h2>\n[\/vc_cta][\/vc_column][\/vc_row][vc_row][vc_column width=\u00a0\u00bb1\/3&Prime;][vc_cta h2=\u00a0\u00bb\u00a0\u00bb txt_align=\u00a0\u00bbcenter\u00a0\u00bb style=\u00a0\u00bboutline\u00a0\u00bb color=\u00a0\u00bbwhite\u00a0\u00bb add_button=\u00a0\u00bbbottom\u00a0\u00bb btn_title=\u00a0\u00bbSelect\u00a0\u00bb btn_style=\u00a0\u00bboutline\u00a0\u00bb btn_color=\u00a0\u00bbwhite\u00a0\u00bb btn_size=\u00a0\u00bblg\u00a0\u00bb btn_align=\u00a0\u00bbcenter\u00a0\u00bb btn_i_icon_fontawesome=\u00a0\u00bbfa fa-check-circle\u00a0\u00bb btn_add_icon=\u00a0\u00bbtrue\u00a0\u00bb btn_link=\u00a0\u00bburl:http%3A%2F%2Fcvbussales.com%2Ffr%2Fcontactez-nous%2F%3Finquiry%3DServices%26service%3DOil%20Changes|||\u00a0\u00bb el_class=\u00a0\u00bbctaBox&#8211;square\u00a0\u00bb]<i class=\"fal fa-tint\"><\/i>\n<h2>Changements d&rsquo;huile<\/h2>\n[\/vc_cta][\/vc_column][vc_column width=\u00a0\u00bb1\/3&Prime;][vc_cta h2=\u00a0\u00bb\u00a0\u00bb txt_align=\u00a0\u00bbcenter\u00a0\u00bb style=\u00a0\u00bboutline\u00a0\u00bb color=\u00a0\u00bbwhite\u00a0\u00bb add_button=\u00a0\u00bbbottom\u00a0\u00bb btn_title=\u00a0\u00bbSelect\u00a0\u00bb btn_style=\u00a0\u00bboutline\u00a0\u00bb btn_color=\u00a0\u00bbwhite\u00a0\u00bb btn_size=\u00a0\u00bblg\u00a0\u00bb btn_align=\u00a0\u00bbcenter\u00a0\u00bb btn_i_icon_fontawesome=\u00a0\u00bbfa fa-check-circle\u00a0\u00bb btn_add_icon=\u00a0\u00bbtrue\u00a0\u00bb btn_link=\u00a0\u00bburl:http%3A%2F%2Fcvbussales.com%2Ffr%2Fcontactez-nous%2F%3Finquiry%3DServices%26service%3DVehicle%20Washes|||\u00a0\u00bb el_class=\u00a0\u00bbctaBox&#8211;square\u00a0\u00bb]<i class=\"fal fa-shower\"><\/i>\n<h2>Nettoyage de v\u00e9hicules<\/h2>\n[\/vc_cta][\/vc_column][vc_column width=\u00a0\u00bb1\/3&Prime;][vc_cta h2=\u00a0\u00bb\u00a0\u00bb txt_align=\u00a0\u00bbcenter\u00a0\u00bb style=\u00a0\u00bboutline\u00a0\u00bb color=\u00a0\u00bbwhite\u00a0\u00bb add_button=\u00a0\u00bbbottom\u00a0\u00bb btn_title=\u00a0\u00bbSelect\u00a0\u00bb btn_style=\u00a0\u00bboutline\u00a0\u00bb btn_color=\u00a0\u00bbwhite\u00a0\u00bb btn_size=\u00a0\u00bblg\u00a0\u00bb btn_align=\u00a0\u00bbcenter\u00a0\u00bb btn_i_icon_fontawesome=\u00a0\u00bbfa fa-check-circle\u00a0\u00bb btn_add_icon=\u00a0\u00bbtrue\u00a0\u00bb btn_link=\u00a0\u00bburl:http%3A%2F%2Fcvbussales.com%2Ffr%2Fcontactez-nous%2F%3Finquiry%3DServices%26service%3DLavatory%20Dumps|||\u00a0\u00bb el_class=\u00a0\u00bbctaBox&#8211;square\u00a0\u00bb]<i class=\"fal fa-male\"><\/i>\u00a0<i class=\"fal fa-female\"><\/i>\n<h2>D\u00e9charges de toilettes<\/h2>\n[\/vc_cta][\/vc_column][\/vc_row][\/vc_section][vc_row full_width=\u00a0\u00bbstretch_row\u00a0\u00bb el_class=\u00a0\u00bbservices__descSecond bgGear bgGear&#8211;right\u00a0\u00bb css=\u00a0\u00bb.vc_custom_1531319439038{background-image: url(http:\/\/cvbussales.com\/wp-content\/uploads\/2018\/07\/container-corner-gear-svg.svg?id=354) !important;}\u00a0\u00bb][vc_column][vc_column_text el_class=\u00a0\u00bbmainTextBlock\u00a0\u00bb]Nous avons des pi\u00e8ces d\u00e9tach\u00e9es pour toutes nos grammes de produits, Vicinity, Sprinter,Eldorado Californie, Eldorado Kansas et Alexander-Dennis. Nos techniciens de service autoris\u00e9s ont de nombreuses ann\u00e9es d\u2019exp\u00e9rience de flotte municipale \u00e0 travers l\u2019Est du Canada. Nous offrons \u00e9galement des services complets de nettoyage d\u2019autobus et de mise au rebut, sur rendez-vous pr\u00e9alable.<\/p>\n<p>Notre \u00e9quipement de diagnostic \u00e0 la pointe du progr\u00e8s peut rapidement d\u00e9terminer les r\u00e9parations n\u00e9cessaires et nos techniciens suivent des cours annuels de rafra\u00eechissement des connaissances avec les constructeurs majeurs d\u2019autobus pour se tenir au courant des nouveaut\u00e9s de l\u2019\u00e9lectronique en \u00e9volution constante que l\u2019on trouve dans les autobus modernes. Autobus De La Cit\u00e9 est le fournisseur de services au Canada pour les syst\u00e8mes hybrides B.A.E. Autobus De La Cit\u00e9 Vente et Service continue d\u2019offrir des services innovateurs dans le but de r\u00e9pondre aux besoins \u00e9volutifs de ses clients. Nous avons aussi les ressources pour effectuer des r\u00e9parations ou des modernisations\/mises \u00e0 niveau de parcs de v\u00e9hicule, dans les installations du client ou dans nos installations locales. Tous nos techniciens de service sont agr\u00e9\u00e9s et autoris\u00e9s par les programmes gouvernementaux.[\/vc_column_text][\/vc_column][\/vc_row]\n<\/div>","protected":false},"excerpt":{"rendered":"<p>[vc_row full_width=\u00a0\u00bbstretch_row\u00a0\u00bb el_class=\u00a0\u00bbpageHeader\u00a0\u00bb css=\u00a0\u00bb.vc_custom_1553787713594{background-image: url(https:\/\/cvbussales.com\/wp-content\/uploads\/2019\/03\/bg-blue-services.jpg?id=1730) !important;}\u00a0\u00bb][vc_column][vc_column_text] Notre Service [\/vc_column_text][\/vc_column][\/vc_row][vc_row el_class=\u00a0\u00bbservices__descFirst\u00a0\u00bb][vc_column][vc_column_text el_class=\u00a0\u00bbmainTextBlock\u00a0\u00bb]Nous savons qu\u2019il est essentiel pour vous que votre autobus reste en parfait \u00e9tat &#8230; <\/p>\n<div><a href=\"https:\/\/cvbussales.com\/fr\/service\/\" class=\"more-link\">Read More<\/a><\/div>\n","protected":false},"author":1,"featured_media":0,"parent":0,"menu_order":0,"comment_status":"closed","ping_status":"closed","template":"template-blank-1.php","meta":{"_acf_changed":false,"inline_featured_image":false,"footnotes":""},"class_list":["post-493","page","type-page","status-publish","hentry","no-post-thumbnail"],"acf":[],"yoast_head":"<!-- This site is optimized with the Yoast SEO plugin v27.4 - https:\/\/yoast.com\/product\/yoast-seo-wordpress\/ -->\n<title>Notre Service &#183; City View Bus Sales &amp; Service<\/title>\n<meta name=\"robots\" content=\"index, follow, max-snippet:-1, max-image-preview:large, max-video-preview:-1\" \/>\n<link rel=\"canonical\" href=\"https:\/\/cvbussales.com\/fr\/service\/\" \/>\n<meta property=\"og:locale\" content=\"fr_FR\" \/>\n<meta property=\"og:type\" content=\"article\" \/>\n<meta property=\"og:title\" content=\"Notre Service &#183; City View Bus Sales &amp; Service\" \/>\n<meta property=\"og:description\" content=\"[vc_row full_width=\u00a0\u00bbstretch_row\u00a0\u00bb el_class=\u00a0\u00bbpageHeader\u00a0\u00bb css=\u00a0\u00bb.vc_custom_1553787713594{background-image: url(https:\/\/cvbussales.com\/wp-content\/uploads\/2019\/03\/bg-blue-services.jpg?id=1730) !important;}\u00a0\u00bb][vc_column][vc_column_text] Notre Service [\/vc_column_text][\/vc_column][\/vc_row][vc_row el_class=\u00a0\u00bbservices__descFirst\u00a0\u00bb][vc_column][vc_column_text el_class=\u00a0\u00bbmainTextBlock\u00a0\u00bb]Nous savons qu\u2019il est essentiel pour vous que votre autobus reste en parfait \u00e9tat ... Read More\" \/>\n<meta property=\"og:url\" content=\"https:\/\/cvbussales.com\/fr\/service\/\" \/>\n<meta property=\"og:site_name\" content=\"City View Bus Sales &amp; Service\" \/>\n<meta property=\"article:modified_time\" content=\"2019-03-28T15:41:58+00:00\" \/>\n<meta property=\"og:image\" content=\"https:\/\/cvbussales.com\/wp-content\/uploads\/2018\/07\/cvbs-opengraph.jpg\" \/>\n\t<meta property=\"og:image:width\" content=\"1200\" \/>\n\t<meta property=\"og:image:height\" content=\"630\" \/>\n\t<meta property=\"og:image:type\" content=\"image\/jpeg\" \/>\n<meta name=\"twitter:card\" content=\"summary_large_image\" \/>\n<meta name=\"twitter:label1\" content=\"Dur\u00e9e de lecture estim\u00e9e\" \/>\n\t<meta name=\"twitter:data1\" content=\"6 minutes\" \/>\n<script type=\"application\/ld+json\" class=\"yoast-schema-graph\">{\"@context\":\"https:\\\/\\\/schema.org\",\"@graph\":[{\"@type\":\"WebPage\",\"@id\":\"https:\\\/\\\/cvbussales.com\\\/fr\\\/service\\\/\",\"url\":\"https:\\\/\\\/cvbussales.com\\\/fr\\\/service\\\/\",\"name\":\"Notre Service &#183; City View Bus Sales &amp; Service\",\"isPartOf\":{\"@id\":\"http:\\\/\\\/cvbussales.com\\\/fr\\\/#website\"},\"datePublished\":\"2018-07-18T20:16:43+00:00\",\"dateModified\":\"2019-03-28T15:41:58+00:00\",\"breadcrumb\":{\"@id\":\"https:\\\/\\\/cvbussales.com\\\/fr\\\/service\\\/#breadcrumb\"},\"inLanguage\":\"fr-FR\",\"potentialAction\":[{\"@type\":\"ReadAction\",\"target\":[\"https:\\\/\\\/cvbussales.com\\\/fr\\\/service\\\/\"]}]},{\"@type\":\"BreadcrumbList\",\"@id\":\"https:\\\/\\\/cvbussales.com\\\/fr\\\/service\\\/#breadcrumb\",\"itemListElement\":[{\"@type\":\"ListItem\",\"position\":1,\"name\":\"Home\",\"item\":\"https:\\\/\\\/cvbussales.com\\\/fr\\\/\"},{\"@type\":\"ListItem\",\"position\":2,\"name\":\"Notre Service\"}]},{\"@type\":\"WebSite\",\"@id\":\"http:\\\/\\\/cvbussales.com\\\/fr\\\/#website\",\"url\":\"http:\\\/\\\/cvbussales.com\\\/fr\\\/\",\"name\":\"City View Bus Sales &amp; Service\",\"description\":\"Proudly Serving Private and Public Sectors Across Canada\",\"publisher\":{\"@id\":\"http:\\\/\\\/cvbussales.com\\\/fr\\\/#organization\"},\"potentialAction\":[{\"@type\":\"SearchAction\",\"target\":{\"@type\":\"EntryPoint\",\"urlTemplate\":\"http:\\\/\\\/cvbussales.com\\\/fr\\\/?s={search_term_string}\"},\"query-input\":{\"@type\":\"PropertyValueSpecification\",\"valueRequired\":true,\"valueName\":\"search_term_string\"}}],\"inLanguage\":\"fr-FR\"},{\"@type\":\"Organization\",\"@id\":\"http:\\\/\\\/cvbussales.com\\\/fr\\\/#organization\",\"name\":\"City View Bus Sales & Services Ltd.\",\"url\":\"http:\\\/\\\/cvbussales.com\\\/fr\\\/\",\"logo\":{\"@type\":\"ImageObject\",\"inLanguage\":\"fr-FR\",\"@id\":\"http:\\\/\\\/cvbussales.com\\\/fr\\\/#\\\/schema\\\/logo\\\/image\\\/\",\"url\":\"https:\\\/\\\/cvbussales.com\\\/wp-content\\\/uploads\\\/2018\\\/06\\\/cvbs-logo-old.png\",\"contentUrl\":\"https:\\\/\\\/cvbussales.com\\\/wp-content\\\/uploads\\\/2018\\\/06\\\/cvbs-logo-old.png\",\"width\":207,\"height\":101,\"caption\":\"City View Bus Sales & Services Ltd.\"},\"image\":{\"@id\":\"http:\\\/\\\/cvbussales.com\\\/fr\\\/#\\\/schema\\\/logo\\\/image\\\/\"}}]}<\/script>\n<!-- \/ Yoast SEO plugin. -->","yoast_head_json":{"title":"Notre Service &#183; City View Bus Sales &amp; Service","robots":{"index":"index","follow":"follow","max-snippet":"max-snippet:-1","max-image-preview":"max-image-preview:large","max-video-preview":"max-video-preview:-1"},"canonical":"https:\/\/cvbussales.com\/fr\/service\/","og_locale":"fr_FR","og_type":"article","og_title":"Notre Service &#183; City View Bus Sales &amp; Service","og_description":"[vc_row full_width=\u00a0\u00bbstretch_row\u00a0\u00bb el_class=\u00a0\u00bbpageHeader\u00a0\u00bb css=\u00a0\u00bb.vc_custom_1553787713594{background-image: url(https:\/\/cvbussales.com\/wp-content\/uploads\/2019\/03\/bg-blue-services.jpg?id=1730) !important;}\u00a0\u00bb][vc_column][vc_column_text] Notre Service [\/vc_column_text][\/vc_column][\/vc_row][vc_row el_class=\u00a0\u00bbservices__descFirst\u00a0\u00bb][vc_column][vc_column_text el_class=\u00a0\u00bbmainTextBlock\u00a0\u00bb]Nous savons qu\u2019il est essentiel pour vous que votre autobus reste en parfait \u00e9tat ... Read More","og_url":"https:\/\/cvbussales.com\/fr\/service\/","og_site_name":"City View Bus Sales &amp; Service","article_modified_time":"2019-03-28T15:41:58+00:00","og_image":[{"width":1200,"height":630,"url":"https:\/\/cvbussales.com\/wp-content\/uploads\/2018\/07\/cvbs-opengraph.jpg","type":"image\/jpeg"}],"twitter_card":"summary_large_image","twitter_misc":{"Dur\u00e9e de lecture estim\u00e9e":"6 minutes"},"schema":{"@context":"https:\/\/schema.org","@graph":[{"@type":"WebPage","@id":"https:\/\/cvbussales.com\/fr\/service\/","url":"https:\/\/cvbussales.com\/fr\/service\/","name":"Notre Service &#183; City View Bus Sales &amp; Service","isPartOf":{"@id":"http:\/\/cvbussales.com\/fr\/#website"},"datePublished":"2018-07-18T20:16:43+00:00","dateModified":"2019-03-28T15:41:58+00:00","breadcrumb":{"@id":"https:\/\/cvbussales.com\/fr\/service\/#breadcrumb"},"inLanguage":"fr-FR","potentialAction":[{"@type":"ReadAction","target":["https:\/\/cvbussales.com\/fr\/service\/"]}]},{"@type":"BreadcrumbList","@id":"https:\/\/cvbussales.com\/fr\/service\/#breadcrumb","itemListElement":[{"@type":"ListItem","position":1,"name":"Home","item":"https:\/\/cvbussales.com\/fr\/"},{"@type":"ListItem","position":2,"name":"Notre Service"}]},{"@type":"WebSite","@id":"http:\/\/cvbussales.com\/fr\/#website","url":"http:\/\/cvbussales.com\/fr\/","name":"City View Bus Sales &amp; Service","description":"Proudly Serving Private and Public Sectors Across Canada","publisher":{"@id":"http:\/\/cvbussales.com\/fr\/#organization"},"potentialAction":[{"@type":"SearchAction","target":{"@type":"EntryPoint","urlTemplate":"http:\/\/cvbussales.com\/fr\/?s={search_term_string}"},"query-input":{"@type":"PropertyValueSpecification","valueRequired":true,"valueName":"search_term_string"}}],"inLanguage":"fr-FR"},{"@type":"Organization","@id":"http:\/\/cvbussales.com\/fr\/#organization","name":"City View Bus Sales & Services Ltd.","url":"http:\/\/cvbussales.com\/fr\/","logo":{"@type":"ImageObject","inLanguage":"fr-FR","@id":"http:\/\/cvbussales.com\/fr\/#\/schema\/logo\/image\/","url":"https:\/\/cvbussales.com\/wp-content\/uploads\/2018\/06\/cvbs-logo-old.png","contentUrl":"https:\/\/cvbussales.com\/wp-content\/uploads\/2018\/06\/cvbs-logo-old.png","width":207,"height":101,"caption":"City View Bus Sales & Services Ltd."},"image":{"@id":"http:\/\/cvbussales.com\/fr\/#\/schema\/logo\/image\/"}}]}},"_links":{"self":[{"href":"https:\/\/cvbussales.com\/fr\/wp-json\/wp\/v2\/pages\/493","targetHints":{"allow":["GET"]}}],"collection":[{"href":"https:\/\/cvbussales.com\/fr\/wp-json\/wp\/v2\/pages"}],"about":[{"href":"https:\/\/cvbussales.com\/fr\/wp-json\/wp\/v2\/types\/page"}],"author":[{"embeddable":true,"href":"https:\/\/cvbussales.com\/fr\/wp-json\/wp\/v2\/users\/1"}],"replies":[{"embeddable":true,"href":"https:\/\/cvbussales.com\/fr\/wp-json\/wp\/v2\/comments?post=493"}],"version-history":[{"count":5,"href":"https:\/\/cvbussales.com\/fr\/wp-json\/wp\/v2\/pages\/493\/revisions"}],"predecessor-version":[{"id":1732,"href":"https:\/\/cvbussales.com\/fr\/wp-json\/wp\/v2\/pages\/493\/revisions\/1732"}],"wp:attachment":[{"href":"https:\/\/cvbussales.com\/fr\/wp-json\/wp\/v2\/media?parent=493"}],"curies":[{"name":"wp","href":"https:\/\/api.w.org\/{rel}","templated":true}]}}